{"id":1275,"date":"2017-04-19T05:14:28","date_gmt":"2017-04-19T02:14:28","guid":{"rendered":"https:\/\/kivikoda.ee\/looduskivi\/"},"modified":"2018-08-02T16:31:44","modified_gmt":"2018-08-02T13:31:44","slug":"naturalnyj-kamen","status":"publish","type":"page","link":"https:\/\/2025.kivikoda.ee\/ru\/naturalnyj-kamen\/","title":{"rendered":"\u041d\u0430\u0442\u0443\u0440\u0430\u043b\u044c\u043d\u044b\u0439 \u043a\u0430\u043c\u0435\u043d\u044c"},"content":{"rendered":"<div id='stripped-1'  class='av-layout-grid-container av-av_layout_row-043c4f8b4d50344de3d69dbd0d79de8c entry-content-wrapper main_color av-fixed-cells  avia-builder-el-0  el_before_av_section  avia-builder-el-first   container_wrap sidebar_right'  >\n\n<style type=\"text\/css\" data-created_by=\"avia_inline_auto\" id=\"style-css-av-av_cell_one_fourth-ef9d2bdd4a856adcddca4293a8a234ff\">\n.flex_cell.av-av_cell_one_fourth-ef9d2bdd4a856adcddca4293a8a234ff{\nvertical-align:top;\n}\n<\/style>\n<div class='flex_cell av-av_cell_one_fourth-ef9d2bdd4a856adcddca4293a8a234ff av-gridrow-cell av_one_fourth no_margin  avia-builder-el-1  el_before_av_cell_one_fourth  avia-builder-el-first '  ><div class='flex_cell_inner'><\/div><\/div>\n<style type=\"text\/css\" data-created_by=\"avia_inline_auto\" id=\"style-css-av-av_cell_one_fourth-ef9d2bdd4a856adcddca4293a8a234ff\">\n.flex_cell.av-av_cell_one_fourth-ef9d2bdd4a856adcddca4293a8a234ff{\nvertical-align:top;\n}\n<\/style>\n<div class='flex_cell av-av_cell_one_fourth-ef9d2bdd4a856adcddca4293a8a234ff av-gridrow-cell av_one_fourth no_margin  avia-builder-el-2  el_after_av_cell_one_fourth  el_before_av_cell_one_fourth '  ><div class='flex_cell_inner'><\/div><\/div>\n<style type=\"text\/css\" data-created_by=\"avia_inline_auto\" id=\"style-css-av-av_cell_one_fourth-ef9d2bdd4a856adcddca4293a8a234ff\">\n.flex_cell.av-av_cell_one_fourth-ef9d2bdd4a856adcddca4293a8a234ff{\nvertical-align:top;\n}\n<\/style>\n<div class='flex_cell av-av_cell_one_fourth-ef9d2bdd4a856adcddca4293a8a234ff av-gridrow-cell av_one_fourth no_margin  avia-builder-el-3  el_after_av_cell_one_fourth  el_before_av_cell_one_fourth '  ><div class='flex_cell_inner'><\/div><\/div>\n<style type=\"text\/css\" data-created_by=\"avia_inline_auto\" id=\"style-css-av-av_cell_one_fourth-ef9d2bdd4a856adcddca4293a8a234ff\">\n.flex_cell.av-av_cell_one_fourth-ef9d2bdd4a856adcddca4293a8a234ff{\nvertical-align:top;\n}\n<\/style>\n<div class='flex_cell av-av_cell_one_fourth-ef9d2bdd4a856adcddca4293a8a234ff av-gridrow-cell av_one_fourth no_margin  avia-builder-el-4  el_after_av_cell_one_fourth  avia-builder-el-last '  ><div class='flex_cell_inner'><\/div><\/div>\n<\/div>\n<div id='row-1'  class='avia-section av-av_section-0fdaddd9ec9ac5a5844d1fed9ac1cd2a main_color avia-section-no-padding avia-no-border-styling  avia-builder-el-5  el_after_av_layout_row  el_before_av_layout_row  avia-bg-style-scroll container_wrap sidebar_right'  ><div class='container av-section-cont-open' ><div class='template-page content  av-content-small alpha units'><div class='post-entry post-entry-type-page post-entry-1275'><div class='entry-content-wrapper clearfix'>\n<div class='flex_column_table av-av_one_fifth-1c7e3c58ecc763aa08486dcc1db7593e sc-av_one_fifth av-equal-height-column-flextable'>\n<style type=\"text\/css\" data-created_by=\"avia_inline_auto\" id=\"style-css-av-av_one_fifth-1c7e3c58ecc763aa08486dcc1db7593e\">\n.flex_column.av-av_one_fifth-1c7e3c58ecc763aa08486dcc1db7593e{\nborder-radius:0px 0px 0px 0px;\npadding:0px 0px 0px 0px;\n}\n<\/style>\n<div  class='flex_column av-av_one_fifth-1c7e3c58ecc763aa08486dcc1db7593e av_one_fifth  avia-builder-el-6  el_before_av_three_fifth  avia-builder-el-first  first no_margin flex_column_table_cell av-equal-height-column av-align-top av-hide-on-mobile av-zero-column-padding  '     ><\/div>\n<style type=\"text\/css\" data-created_by=\"avia_inline_auto\" id=\"style-css-av-av_three_fifth-0aa7055fe62c3622faec82866afbaeb2\">\n.flex_column.av-av_three_fifth-0aa7055fe62c3622faec82866afbaeb2{\nborder-radius:0px 0px 0px 0px;\npadding:0px 0px 0px 0px;\n}\n<\/style>\n<div  class='flex_column av-av_three_fifth-0aa7055fe62c3622faec82866afbaeb2 av_three_fifth  avia-builder-el-7  el_after_av_one_fifth  el_before_av_one_fifth  no_margin flex_column_table_cell av-equal-height-column av-align-top av-zero-column-padding  '     ><style type=\"text\/css\" data-created_by=\"avia_inline_auto\" id=\"style-css-av-av_heading-1761acfc49b2deccd42c9b99580f9a42\">\n#top .av-special-heading.av-av_heading-1761acfc49b2deccd42c9b99580f9a42{\npadding-bottom:20px;\n}\nbody .av-special-heading.av-av_heading-1761acfc49b2deccd42c9b99580f9a42 .av-special-heading-tag .heading-char{\nfont-size:25px;\n}\n.av-special-heading.av-av_heading-1761acfc49b2deccd42c9b99580f9a42 .av-subheading{\nfont-size:20px;\n}\n<\/style>\n<div  class='av-special-heading av-av_heading-1761acfc49b2deccd42c9b99580f9a42 av-special-heading-h2 blockquote modern-quote modern-centered  avia-builder-el-8  avia-builder-el-no-sibling '><h2 class='av-special-heading-tag '  itemprop=\"headline\"  ><u>\u041d<\/u>\u0430\u0442\u0443\u0440\u0430\u043b\u044c\u043d\u044b\u0439 \u043a\u0430\u043c\u0435\u043d\u044c<\/h2><div class='av-subheading av-subheading_below'><h3>\u0443\u043d\u0438\u043a\u0430\u043b\u044c\u043d\u044b\u0435 \u0438 \u043d\u0435\u043f\u043e\u0432\u0442\u043e\u0440\u0438\u043c\u044b\u0435 \u043a\u0430\u043c\u0435\u043d\u043d\u044b\u0435 \u043f\u043e\u0432\u0435\u0440\u0445\u043d\u043e\u0441\u0442\u0438<\/h3>\n<\/div><div class=\"special-heading-border\"><div class=\"special-heading-inner-border\"><\/div><\/div><\/div><\/div>\n<style type=\"text\/css\" data-created_by=\"avia_inline_auto\" id=\"style-css-av-av_one_fifth-ab1f2df5405556a9c828bbf1aabf22bf\">\n.flex_column.av-av_one_fifth-ab1f2df5405556a9c828bbf1aabf22bf{\nborder-radius:0px 0px 0px 0px;\npadding:0px 0px 0px 0px;\n}\n<\/style>\n<div  class='flex_column av-av_one_fifth-ab1f2df5405556a9c828bbf1aabf22bf av_one_fifth  avia-builder-el-9  el_after_av_three_fifth  el_before_av_one_half  no_margin flex_column_table_cell av-equal-height-column av-align-top av-hide-on-mobile av-zero-column-padding  '     ><\/div><\/div><!--close column table wrapper. Autoclose: 1 --><div class='flex_column_table av-av_one_half-877c4261a69bab824e74b3b7967646c2 sc-av_one_half av-equal-height-column-flextable'>\n<style type=\"text\/css\" data-created_by=\"avia_inline_auto\" id=\"style-css-av-av_one_half-877c4261a69bab824e74b3b7967646c2\">\n.flex_column.av-av_one_half-877c4261a69bab824e74b3b7967646c2{\nborder-radius:0px 0px 0px 0px;\npadding:0px 0px 0px 0px;\n}\n<\/style>\n<div  class='flex_column av-av_one_half-877c4261a69bab824e74b3b7967646c2 av_one_half  avia-builder-el-10  el_after_av_one_fifth  el_before_av_one_half  first flex_column_table_cell av-equal-height-column av-align-top av-animated-generic bottom-to-top av-zero-column-padding  column-top-margin'     ><section  class='av_textblock_section av-av_textblock-35972167d9f102c5ddaec0c531c98b9e '   itemscope=\"itemscope\" itemtype=\"https:\/\/schema.org\/CreativeWork\" ><div class='avia_textblock'  itemprop=\"text\" ><p>\u041d\u0430\u0442\u0443\u0440\u0430\u043b\u044c\u043d\u044b\u0439 \u043a\u0430\u043c\u0435\u043d\u044c \u2013 \u044d\u0442\u043e \u043d\u0430\u0438\u043b\u0443\u0447\u0448\u0438\u0439 \u0432\u044b\u0431\u043e\u0440 \u0434\u043b\u044f \u0442\u0435\u0445, \u043a\u0442\u043e \u0445\u043e\u0447\u0435\u0442 \u043e\u0431\u043e\u0433\u0430\u0442\u0438\u0442\u044c \u0441\u0432\u043e\u0439 \u0438\u043d\u0442\u0435\u0440\u044c\u0435\u0440 \u043f\u0440\u0438 \u043f\u043e\u043c\u043e\u0449\u0438 <strong>\u0443\u043d\u0438\u043a\u0430\u043b\u044c\u043d\u044b\u0445 <\/strong>\u0438<strong> \u043d\u0435\u043f\u043e\u0432\u0442\u043e\u0440\u0438\u043c\u044b\u0445 <\/strong>\u043a\u0430\u043c\u0435\u043d\u043d\u044b\u0445 \u043f\u043e\u0432\u0435\u0440\u0445\u043d\u043e\u0441\u0442\u0435\u0439.<\/p>\n<p>\u041f\u043e\u043c\u0438\u043c\u043e \u0443\u043d\u0438\u043a\u0430\u043b\u044c\u043d\u043e\u0441\u0442\u0438 \u043d\u0430\u0442\u0443\u0440\u0430\u043b\u044c\u043d\u043e\u0433\u043e \u043a\u0430\u043c\u043d\u044f \u0435\u0433\u043e \u043f\u0440\u0435\u0438\u043c\u0443\u0449\u0435\u0441\u0442\u0432\u043e\u043c \u044f\u0432\u043b\u044f\u0435\u0442\u0441\u044f \u0442\u0430\u043a\u0436\u0435 \u043f\u0440\u0438\u0440\u043e\u0434\u043d\u043e\u0435 \u043f\u0440\u043e\u0438\u0441\u0445\u043e\u0436\u0434\u0435\u043d\u0438\u0435, \u043d\u0430\u0442\u0443\u0440\u0430\u043b\u044c\u043d\u043e\u0441\u0442\u044c, \u0430 \u0442\u0430\u043a\u0436\u0435 \u0438\u043d\u0442\u0435\u0440\u0435\u0441\u043d\u043e\u0435 \u0438 \u043d\u0430\u0442\u0443\u0440\u0430\u043b\u044c\u043d\u043e\u0435 \u0441\u043e\u0447\u0435\u0442\u0430\u043d\u0438\u0435 \u0446\u0432\u0435\u0442\u043e\u0432 \u0438 \u0440\u0438\u0441\u0443\u043d\u043a\u043e\u0432. \u041d\u0435\u0432\u043e\u0437\u043c\u043e\u0436\u043d\u043e \u043d\u0430\u0439\u0442\u0438 \u0434\u0432\u0435 \u0430\u0431\u0441\u043e\u043b\u044e\u0442\u043d\u043e \u043e\u0434\u0438\u043d\u0430\u043a\u043e\u0432\u044b\u0435 \u043f\u043b\u0438\u0442\u044b \u0438\u0437 \u043d\u0430\u0442\u0443\u0440\u0430\u043b\u044c\u043d\u043e\u0433\u043e \u043a\u0430\u043c\u043d\u044f \u2013 \u0434\u0430\u0436\u0435 \u0443 \u0434\u043e\u0431\u044b\u0442\u044b\u0445 \u0438\u0437 \u043e\u0434\u043d\u043e\u0433\u043e \u043a\u0430\u0440\u044c\u0435\u0440\u0430 \u043f\u043b\u0438\u0442 \u043e\u0442\u043b\u0438\u0447\u0430\u044e\u0442\u0441\u044f \u043a\u0430\u043a \u0446\u0432\u0435\u0442\u043e\u0432\u044b\u0435 \u043e\u0442\u0442\u0435\u043d\u043a\u0438, \u0440\u0438\u0441\u0443\u043d\u043a\u0438, \u0442\u0430\u043a \u0438 \u0442\u0435\u043a\u0441\u0442\u0443\u0440\u0430.<\/p>\n<p>\u0416\u0435\u043b\u0430\u044e\u0449\u0438\u043c \u043f\u043e\u043b\u0443\u0447\u0438\u0442\u044c \u0443\u043d\u0438\u043a\u0430\u043b\u044c\u043d\u043e\u0435 \u0441\u043f\u0435\u0446\u0440\u0435\u0448\u0435\u043d\u0438\u0435 <strong>\u0441\u0442\u043e\u0438\u0442 \u043f\u043e\u043c\u043d\u0438\u0442\u044c<\/strong>, \u0447\u0442\u043e \u0437\u0430 \u043e\u0441\u043d\u043e\u0432\u0443 \u0441\u0432\u043e\u0435\u0433\u043e \u043f\u0440\u043e\u0435\u043a\u0442\u0430 \u0434\u0438\u0437\u0430\u0439\u043d\u0430 \u0438\u043d\u0442\u0435\u0440\u044c\u0435\u0440\u0430 \u043d\u0435 \u0441\u0442\u043e\u0438\u0442 \u0431\u0440\u0430\u0442\u044c \u043e\u0434\u0438\u043d \u043c\u0430\u043b\u0435\u043d\u044c\u043a\u0438\u0439 \u043f\u0440\u043e\u0431\u043d\u044b\u0439 \u043a\u0443\u0441\u043e\u043a \u2013 \u0432\u043e \u0438\u0437\u0431\u0435\u0436\u0430\u043d\u0438\u0435 \u0434\u0430\u043b\u044c\u043d\u0435\u0439\u0448\u0438\u0445 \u0441\u044e\u0440\u043f\u0440\u0438\u0437\u043e\u0432 \u043d\u0435\u043e\u0431\u0445\u043e\u0434\u0438\u043c\u043e \u0432\u0438\u0434\u0435\u0442\u044c \u043f\u043b\u0438\u0442\u0443 \u0446\u0435\u043b\u0438\u043a\u043e\u043c.<\/p>\n<\/div><\/section><\/div><div class='av-flex-placeholder'><\/div>\n<style type=\"text\/css\" data-created_by=\"avia_inline_auto\" id=\"style-css-av-av_one_half-ee5d01009bd3dd101ca64e2b115d6482\">\n.flex_column.av-av_one_half-ee5d01009bd3dd101ca64e2b115d6482{\nborder-radius:0px 0px 0px 0px;\npadding:0px 0px 0px 0px;\n}\n<\/style>\n<div  class='flex_column av-av_one_half-ee5d01009bd3dd101ca64e2b115d6482 av_one_half  avia-builder-el-12  el_after_av_one_half  el_before_av_one_full  flex_column_table_cell av-equal-height-column av-align-top av-animated-generic bottom-to-top av-zero-column-padding  column-top-margin'     ><section  class='av_textblock_section av-av_textblock-35972167d9f102c5ddaec0c531c98b9e '   itemscope=\"itemscope\" itemtype=\"https:\/\/schema.org\/CreativeWork\" ><div class='avia_textblock'  itemprop=\"text\" ><p>\u041f\u043e\u043c\u0438\u043c\u043e \u044d\u0442\u043e\u0433\u043e, \u043f\u043e\u0432\u0435\u0440\u0445\u043d\u043e\u0441\u0442\u0438 \u0438\u0437 \u043d\u0430\u0442\u0443\u0440\u0430\u043b\u044c\u043d\u043e\u0433\u043e \u043a\u0430\u043c\u043d\u044f \u043d\u0443\u0436\u0434\u0430\u044e\u0442\u0441\u044f \u0432 \u043f\u043e\u0441\u0442\u043e\u044f\u043d\u043d\u043e\u043c \u0438 \u043f\u0440\u043e\u0444\u0435\u0441\u0441\u0438\u043e\u043d\u0430\u043b\u044c\u043d\u043e\u043c \u0443\u0445\u043e\u0434\u0435.<\/p>\n<blockquote>\n<p>\u0415\u0441\u043b\u0438 \u0412\u044b \u0440\u0435\u0448\u0438\u043b\u0438 \u0438\u0441\u043f\u043e\u043b\u044c\u0437\u043e\u0432\u0430\u0442\u044c \u0432 \u0438\u043d\u0442\u0435\u0440\u044c\u0435\u0440\u0435 \u043d\u0430\u0442\u0443\u0440\u0430\u043b\u044c\u043d\u044b\u0439 \u043a\u0430\u043c\u0435\u043d\u044c, \u0442\u043e \u044d\u0442\u0430\u043f \u043f\u043b\u0430\u043d\u0438\u0440\u043e\u0432\u0430\u043d\u0438\u044f \u0434\u0438\u0437\u0430\u0439\u043d\u0430 \u0438\u043d\u0442\u0435\u0440\u044c\u0435\u0440\u0430 \u0441\u0442\u043e\u0438\u0442 \u043d\u0430\u0447\u0430\u0442\u044c \u0441 \u0432\u044b\u0431\u043e\u0440\u0430 \u043a\u0430\u043c\u043d\u044f, \u0442\u0430\u043a \u043a\u0430\u043a \u0432\u043f\u043e\u0441\u043b\u0435\u0434\u0441\u0442\u0432\u0438\u0438 \u043d\u0435\u0432\u043e\u0437\u043c\u043e\u0436\u043d\u043e \u0431\u0443\u0434\u0435\u0442 \u0438\u0437\u043c\u0435\u043d\u0438\u0442\u044c \u0440\u0438\u0441\u0443\u043d\u043e\u043a \u0438 \u0446\u0432\u0435\u0442 \u043d\u0430\u0442\u0443\u0440\u0430\u043b\u044c\u043d\u043e\u0433\u043e \u043a\u0430\u043c\u043d\u044f, \u0447\u0435\u0433\u043e \u043d\u0435\u043b\u044c\u0437\u044f \u0441\u043a\u0430\u0437\u0430\u0442\u044c \u043f\u0440\u043e \u043e\u0431\u043e\u0438, \u043c\u0435\u0431\u0435\u043b\u044c, \u0433\u0430\u0440\u0434\u0438\u043d\u044b \u0438 \u0442.\u043f.<\/p>\n<\/blockquote>\n<p>\u0412 \u0430\u0441\u0441\u043e\u0440\u0442\u0438\u043c\u0435\u043d\u0442\u0435 <mark>KIVI<\/mark><u>KODA\u00a0<\/u>O\u00dc \u043f\u0440\u0435\u0434\u0441\u0442\u0430\u0432\u043b\u0435\u043d\u043e \u0434\u0432\u0430 \u0432\u0438\u0434\u0430 \u043d\u0430\u0442\u0443\u0440\u0430\u043b\u044c\u043d\u043e\u0433\u043e \u043a\u0430\u043c\u043d\u044f: \u0432\u0435\u0447\u043d\u044b\u0439, \u043c\u043e\u0440\u043e\u0437\u043e\u0441\u0442\u043e\u0439\u043a\u0438\u0439 <strong><a href=\"https:\/\/kivikoda.ee\/looduskivi\/graniit\/\">graniit<\/a><\/strong>\u00a0, \u0438 \u0434\u0435\u043a\u043e\u0440\u0430\u0442\u0438\u0432\u043d\u044b\u0439<strong> <a href=\"https:\/\/kivikoda.ee\/looduskivi\/marmor\/\">marmor<\/a><\/strong>, \u0434\u043b\u044f \u043a\u043e\u0442\u043e\u0440\u043e\u0433\u043e \u0445\u0430\u0440\u0430\u043a\u0442\u0435\u0440\u0435\u043d \u0428\u0438\u0440\u043e\u043a\u0438\u0439 \u0432\u044b\u0431\u043e\u0440 \u0442\u043e\u043d\u043e\u0432 \u0438 \u0440\u0438\u0441\u0443\u043d\u043a\u043e\u0432.<\/p>\n<\/div><\/section><\/div><\/div><!--close column table wrapper. Autoclose: 1 -->\n<style type=\"text\/css\" data-created_by=\"avia_inline_auto\" id=\"style-css-av-av_one_full-d303052f3882199bc1ed4959e515283c\">\n.flex_column.av-av_one_full-d303052f3882199bc1ed4959e515283c{\nborder-radius:0px 0px 0px 0px;\npadding:0px 5% 0px 5%;\n}\n<\/style>\n<div  class='flex_column av-av_one_full-d303052f3882199bc1ed4959e515283c av_one_full  avia-builder-el-14  el_after_av_one_half  avia-builder-el-last  first flex_column_div av-animated-generic bottom-to-top  column-top-margin'     ><div id='avia-messagebox-' class='avia_message_box av_notification av-av_notification-54469cbde6201c0dc875c9ab35d090b5 avia-color-silver avia-size-large avia-icon_select-yes avia-border-dashed  avia-builder-el-15  avia-builder-el-no-sibling ' ><div class=\"avia_message_box_content\"><span class='avia_message_box_icon' aria-hidden='true' data-av_icon='\ue864' data-av_iconfont='entypo-fontello'><\/span><p>\u0414\u043b\u0438\u0442\u0435\u043b\u044c\u043d\u043e\u0435 \u0442\u0435\u0441\u043d\u043e\u0435 \u0441\u043e\u0442\u0440\u0443\u0434\u043d\u0438\u0447\u0435\u0441\u0442\u0432\u043e \u0441 \u043a\u0440\u0443\u043f\u043d\u0435\u0439\u0448\u0438\u043c\u0438 \u0432 \u043c\u0438\u0440\u0435 \u043f\u0440\u043e\u0438\u0437\u0432\u043e\u0434\u0438\u0442\u0435\u043b\u044f\u043c\u0438 \u043a\u0430\u043c\u043d\u044f \u0433\u0430\u0440\u0430\u043d\u0442\u0438\u0440\u0443\u0435\u0442 \u0432\u044b\u0441\u043e\u043a\u043e\u0435 \u043a\u0430\u0447\u0435\u0441\u0442\u0432\u043e \u043d\u0430\u0448\u0438\u0445 \u0438\u0437\u0434\u0435\u043b\u0438\u0439 \u0438\u0437 \u043d\u0430\u0442\u0443\u0440\u0430\u043b\u044c\u043d\u043e\u0433\u043e \u043a\u0430\u043c\u043d\u044f.<\/p>\n<\/div><\/div><\/div><\/div><\/div><\/div><!-- close content main div --><\/div><\/div><div id='stripped-1'  class='av-layout-grid-container av-av_layout_row-043c4f8b4d50344de3d69dbd0d79de8c entry-content-wrapper main_color av-fixed-cells  avia-builder-el-16  el_after_av_section  avia-builder-el-last  grid-row-not-first  container_wrap sidebar_right'  >\n\n<style type=\"text\/css\" data-created_by=\"avia_inline_auto\" id=\"style-css-av-av_cell_one_fourth-ef9d2bdd4a856adcddca4293a8a234ff\">\n.flex_cell.av-av_cell_one_fourth-ef9d2bdd4a856adcddca4293a8a234ff{\nvertical-align:top;\n}\n<\/style>\n<div class='flex_cell av-av_cell_one_fourth-ef9d2bdd4a856adcddca4293a8a234ff av-gridrow-cell av_one_fourth no_margin  avia-builder-el-17  el_before_av_cell_one_fourth  avia-builder-el-first '  ><div class='flex_cell_inner'><\/div><\/div>\n<style type=\"text\/css\" data-created_by=\"avia_inline_auto\" id=\"style-css-av-av_cell_one_fourth-ef9d2bdd4a856adcddca4293a8a234ff\">\n.flex_cell.av-av_cell_one_fourth-ef9d2bdd4a856adcddca4293a8a234ff{\nvertical-align:top;\n}\n<\/style>\n<div class='flex_cell av-av_cell_one_fourth-ef9d2bdd4a856adcddca4293a8a234ff av-gridrow-cell av_one_fourth no_margin  avia-builder-el-18  el_after_av_cell_one_fourth  el_before_av_cell_one_fourth '  ><div class='flex_cell_inner'><\/div><\/div>\n<style type=\"text\/css\" data-created_by=\"avia_inline_auto\" id=\"style-css-av-av_cell_one_fourth-ef9d2bdd4a856adcddca4293a8a234ff\">\n.flex_cell.av-av_cell_one_fourth-ef9d2bdd4a856adcddca4293a8a234ff{\nvertical-align:top;\n}\n<\/style>\n<div class='flex_cell av-av_cell_one_fourth-ef9d2bdd4a856adcddca4293a8a234ff av-gridrow-cell av_one_fourth no_margin  avia-builder-el-19  el_after_av_cell_one_fourth  el_before_av_cell_one_fourth '  ><div class='flex_cell_inner'><\/div><\/div>\n<style type=\"text\/css\" data-created_by=\"avia_inline_auto\" id=\"style-css-av-av_cell_one_fourth-ef9d2bdd4a856adcddca4293a8a234ff\">\n.flex_cell.av-av_cell_one_fourth-ef9d2bdd4a856adcddca4293a8a234ff{\nvertical-align:top;\n}\n<\/style>\n<div class='flex_cell av-av_cell_one_fourth-ef9d2bdd4a856adcddca4293a8a234ff av-gridrow-cell av_one_fourth no_margin  avia-builder-el-20  el_after_av_cell_one_fourth  avia-builder-el-last '  ><div class='flex_cell_inner'><\/div><\/div>\n<\/div><\/p>\n","protected":false},"excerpt":{"rendered":"","protected":false},"author":3,"featured_media":0,"parent":0,"menu_order":2,"comment_status":"closed","ping_status":"closed","template":"","meta":{"advgb_blocks_editor_width":"","advgb_blocks_columns_visual_guide":"","footnotes":""},"class_list":["post-1275","page","type-page","status-publish","hentry"],"yoast_head":"<!-- This site is optimized with the Yoast SEO plugin v25.9 - https:\/\/yoast.com\/wordpress\/plugins\/seo\/ -->\n<title>\u041d\u0430\u0442\u0443\u0440\u0430\u043b\u044c\u043d\u044b\u0439 \u043a\u0430\u043c\u0435\u043d\u044c - KIVIKODA O\u00dc<\/title>\n<meta name=\"robots\" content=\"noindex, follow, max-snippet:-1, max-image-preview:large, max-video-preview:-1\" \/>\n<meta property=\"og:locale\" content=\"ru_RU\" \/>\n<meta property=\"og:type\" content=\"article\" \/>\n<meta property=\"og:title\" content=\"\u041d\u0430\u0442\u0443\u0440\u0430\u043b\u044c\u043d\u044b\u0439 \u043a\u0430\u043c\u0435\u043d\u044c - KIVIKODA O\u00dc\" \/>\n<meta property=\"og:url\" content=\"https:\/\/2025.kivikoda.ee\/looduskivi\/\" \/>\n<meta property=\"og:site_name\" content=\"KIVIKODA O\u00dc\" \/>\n<meta property=\"article:modified_time\" content=\"2018-08-02T13:31:44+00:00\" \/>\n<meta name=\"twitter:card\" content=\"summary_large_image\" \/>\n<meta name=\"twitter:label1\" content=\"\u041f\u0440\u0438\u043c\u0435\u0440\u043d\u043e\u0435 \u0432\u0440\u0435\u043c\u044f \u0434\u043b\u044f \u0447\u0442\u0435\u043d\u0438\u044f\" \/>\n\t<meta name=\"twitter:data1\" content=\"4 \u043c\u0438\u043d\u0443\u0442\u044b\" \/>\n<script type=\"application\/ld+json\" class=\"yoast-schema-graph\">{\"@context\":\"https:\/\/schema.org\",\"@graph\":[{\"@type\":\"WebPage\",\"@id\":\"https:\/\/2025.kivikoda.ee\/looduskivi\/\",\"url\":\"https:\/\/2025.kivikoda.ee\/looduskivi\/\",\"name\":\"\u041d\u0430\u0442\u0443\u0440\u0430\u043b\u044c\u043d\u044b\u0439 \u043a\u0430\u043c\u0435\u043d\u044c - KIVIKODA O\u00dc\",\"isPartOf\":{\"@id\":\"https:\/\/2025.kivikoda.ee\/#website\"},\"datePublished\":\"2017-04-19T02:14:28+00:00\",\"dateModified\":\"2018-08-02T13:31:44+00:00\",\"breadcrumb\":{\"@id\":\"https:\/\/2025.kivikoda.ee\/looduskivi\/#breadcrumb\"},\"inLanguage\":\"ru-RU\",\"potentialAction\":[{\"@type\":\"ReadAction\",\"target\":[\"https:\/\/2025.kivikoda.ee\/looduskivi\/\"]}]},{\"@type\":\"BreadcrumbList\",\"@id\":\"https:\/\/2025.kivikoda.ee\/looduskivi\/#breadcrumb\",\"itemListElement\":[{\"@type\":\"ListItem\",\"position\":1,\"name\":\"Home\",\"item\":\"https:\/\/2025.kivikoda.ee\/\"},{\"@type\":\"ListItem\",\"position\":2,\"name\":\"\u041d\u0430\u0442\u0443\u0440\u0430\u043b\u044c\u043d\u044b\u0439 \u043a\u0430\u043c\u0435\u043d\u044c\"}]},{\"@type\":\"WebSite\",\"@id\":\"https:\/\/2025.kivikoda.ee\/#website\",\"url\":\"https:\/\/2025.kivikoda.ee\/\",\"name\":\"KIVIKODA O\u00dc\",\"description\":\"Looduskivide m\u00fc\u00fck, t\u00f6\u00f6tlemine, paigaldus\",\"potentialAction\":[{\"@type\":\"SearchAction\",\"target\":{\"@type\":\"EntryPoint\",\"urlTemplate\":\"https:\/\/2025.kivikoda.ee\/?s={search_term_string}\"},\"query-input\":{\"@type\":\"PropertyValueSpecification\",\"valueRequired\":true,\"valueName\":\"search_term_string\"}}],\"inLanguage\":\"ru-RU\"}]}<\/script>\n<!-- \/ Yoast SEO plugin. -->","yoast_head_json":{"title":"\u041d\u0430\u0442\u0443\u0440\u0430\u043b\u044c\u043d\u044b\u0439 \u043a\u0430\u043c\u0435\u043d\u044c - KIVIKODA O\u00dc","robots":{"index":"noindex","follow":"follow","max-snippet":"max-snippet:-1","max-image-preview":"max-image-preview:large","max-video-preview":"max-video-preview:-1"},"og_locale":"ru_RU","og_type":"article","og_title":"\u041d\u0430\u0442\u0443\u0440\u0430\u043b\u044c\u043d\u044b\u0439 \u043a\u0430\u043c\u0435\u043d\u044c - KIVIKODA O\u00dc","og_url":"https:\/\/2025.kivikoda.ee\/looduskivi\/","og_site_name":"KIVIKODA O\u00dc","article_modified_time":"2018-08-02T13:31:44+00:00","twitter_card":"summary_large_image","twitter_misc":{"\u041f\u0440\u0438\u043c\u0435\u0440\u043d\u043e\u0435 \u0432\u0440\u0435\u043c\u044f \u0434\u043b\u044f \u0447\u0442\u0435\u043d\u0438\u044f":"4 \u043c\u0438\u043d\u0443\u0442\u044b"},"schema":{"@context":"https:\/\/schema.org","@graph":[{"@type":"WebPage","@id":"https:\/\/2025.kivikoda.ee\/looduskivi\/","url":"https:\/\/2025.kivikoda.ee\/looduskivi\/","name":"\u041d\u0430\u0442\u0443\u0440\u0430\u043b\u044c\u043d\u044b\u0439 \u043a\u0430\u043c\u0435\u043d\u044c - KIVIKODA O\u00dc","isPartOf":{"@id":"https:\/\/2025.kivikoda.ee\/#website"},"datePublished":"2017-04-19T02:14:28+00:00","dateModified":"2018-08-02T13:31:44+00:00","breadcrumb":{"@id":"https:\/\/2025.kivikoda.ee\/looduskivi\/#breadcrumb"},"inLanguage":"ru-RU","potentialAction":[{"@type":"ReadAction","target":["https:\/\/2025.kivikoda.ee\/looduskivi\/"]}]},{"@type":"BreadcrumbList","@id":"https:\/\/2025.kivikoda.ee\/looduskivi\/#breadcrumb","itemListElement":[{"@type":"ListItem","position":1,"name":"Home","item":"https:\/\/2025.kivikoda.ee\/"},{"@type":"ListItem","position":2,"name":"\u041d\u0430\u0442\u0443\u0440\u0430\u043b\u044c\u043d\u044b\u0439 \u043a\u0430\u043c\u0435\u043d\u044c"}]},{"@type":"WebSite","@id":"https:\/\/2025.kivikoda.ee\/#website","url":"https:\/\/2025.kivikoda.ee\/","name":"KIVIKODA O\u00dc","description":"Looduskivide m\u00fc\u00fck, t\u00f6\u00f6tlemine, paigaldus","potentialAction":[{"@type":"SearchAction","target":{"@type":"EntryPoint","urlTemplate":"https:\/\/2025.kivikoda.ee\/?s={search_term_string}"},"query-input":{"@type":"PropertyValueSpecification","valueRequired":true,"valueName":"search_term_string"}}],"inLanguage":"ru-RU"}]}},"coauthors":[],"author_meta":{"author_link":"https:\/\/2025.kivikoda.ee\/ru\/author\/kivikodak\/","display_name":"kivikodak"},"relative_dates":{"created":"Posted 9 \u043b\u0435\u0442 ago","modified":"Updated 8 \u043b\u0435\u0442 ago"},"absolute_dates":{"created":"Posted on \u0421\u0440\u0435\u0434\u0430, 19. \u0430\u043f\u0440\u0435\u043b\u044f 2017","modified":"Updated on \u0427\u0435\u0442\u0432\u0435\u0440\u0433, 2. \u0430\u0432\u0433\u0443\u0441\u0442\u0430 2018"},"absolute_dates_time":{"created":"Posted on \u0421\u0440\u0435\u0434\u0430, 19. \u0430\u043f\u0440\u0435\u043b\u044f 2017 05:14","modified":"Updated on \u0427\u0435\u0442\u0432\u0435\u0440\u0433, 2. \u0430\u0432\u0433\u0443\u0441\u0442\u0430 2018 16:31"},"featured_img_caption":"","featured_img":false,"series_order":"","_links":{"self":[{"href":"https:\/\/2025.kivikoda.ee\/ru\/wp-json\/wp\/v2\/pages\/1275","targetHints":{"allow":["GET"]}}],"collection":[{"href":"https:\/\/2025.kivikoda.ee\/ru\/wp-json\/wp\/v2\/pages"}],"about":[{"href":"https:\/\/2025.kivikoda.ee\/ru\/wp-json\/wp\/v2\/types\/page"}],"author":[{"embeddable":true,"href":"https:\/\/2025.kivikoda.ee\/ru\/wp-json\/wp\/v2\/users\/3"}],"replies":[{"embeddable":true,"href":"https:\/\/2025.kivikoda.ee\/ru\/wp-json\/wp\/v2\/comments?post=1275"}],"version-history":[{"count":2,"href":"https:\/\/2025.kivikoda.ee\/ru\/wp-json\/wp\/v2\/pages\/1275\/revisions"}],"predecessor-version":[{"id":1279,"href":"https:\/\/2025.kivikoda.ee\/ru\/wp-json\/wp\/v2\/pages\/1275\/revisions\/1279"}],"wp:attachment":[{"href":"https:\/\/2025.kivikoda.ee\/ru\/wp-json\/wp\/v2\/media?parent=1275"}],"curies":[{"name":"wp","href":"https:\/\/api.w.org\/{rel}","templated":true}]}}