{"id":1236,"date":"2017-04-18T16:43:40","date_gmt":"2017-04-18T13:43:40","guid":{"rendered":"https:\/\/kivikoda.ee\/kontakt\/"},"modified":"2024-10-29T18:48:40","modified_gmt":"2024-10-29T16:48:40","slug":"kontakt","status":"publish","type":"page","link":"https:\/\/2025.kivikoda.ee\/ru\/kontakt\/","title":{"rendered":"\u041a\u043e\u043d\u0442\u0430\u043a\u0442"},"content":{"rendered":"<div id='stripped-1'  class='av-layout-grid-container av-av_layout_row-043c4f8b4d50344de3d69dbd0d79de8c entry-content-wrapper main_color av-fixed-cells  avia-builder-el-0  el_before_av_section  avia-builder-el-first   container_wrap sidebar_right'  >\n\n<style type=\"text\/css\" data-created_by=\"avia_inline_auto\" id=\"style-css-av-av_cell_one_fourth-ef9d2bdd4a856adcddca4293a8a234ff\">\n.flex_cell.av-av_cell_one_fourth-ef9d2bdd4a856adcddca4293a8a234ff{\nvertical-align:top;\n}\n<\/style>\n<div class='flex_cell av-av_cell_one_fourth-ef9d2bdd4a856adcddca4293a8a234ff av-gridrow-cell av_one_fourth no_margin  avia-builder-el-1  el_before_av_cell_one_fourth  avia-builder-el-first '  ><div class='flex_cell_inner'><\/div><\/div>\n<style type=\"text\/css\" data-created_by=\"avia_inline_auto\" id=\"style-css-av-av_cell_one_fourth-ef9d2bdd4a856adcddca4293a8a234ff\">\n.flex_cell.av-av_cell_one_fourth-ef9d2bdd4a856adcddca4293a8a234ff{\nvertical-align:top;\n}\n<\/style>\n<div class='flex_cell av-av_cell_one_fourth-ef9d2bdd4a856adcddca4293a8a234ff av-gridrow-cell av_one_fourth no_margin  avia-builder-el-2  el_after_av_cell_one_fourth  el_before_av_cell_one_fourth '  ><div class='flex_cell_inner'><\/div><\/div>\n<style type=\"text\/css\" data-created_by=\"avia_inline_auto\" id=\"style-css-av-av_cell_one_fourth-ef9d2bdd4a856adcddca4293a8a234ff\">\n.flex_cell.av-av_cell_one_fourth-ef9d2bdd4a856adcddca4293a8a234ff{\nvertical-align:top;\n}\n<\/style>\n<div class='flex_cell av-av_cell_one_fourth-ef9d2bdd4a856adcddca4293a8a234ff av-gridrow-cell av_one_fourth no_margin  avia-builder-el-3  el_after_av_cell_one_fourth  el_before_av_cell_one_fourth '  ><div class='flex_cell_inner'><\/div><\/div>\n<style type=\"text\/css\" data-created_by=\"avia_inline_auto\" id=\"style-css-av-av_cell_one_fourth-ef9d2bdd4a856adcddca4293a8a234ff\">\n.flex_cell.av-av_cell_one_fourth-ef9d2bdd4a856adcddca4293a8a234ff{\nvertical-align:top;\n}\n<\/style>\n<div class='flex_cell av-av_cell_one_fourth-ef9d2bdd4a856adcddca4293a8a234ff av-gridrow-cell av_one_fourth no_margin  avia-builder-el-4  el_after_av_cell_one_fourth  avia-builder-el-last '  ><div class='flex_cell_inner'><\/div><\/div>\n<\/div>\n<div id='av_section_1'  class='avia-section av-av_section-f22f0f9dd672aac3df52cf5913f6ac08 main_color avia-section-default avia-no-border-styling  avia-builder-el-5  el_after_av_layout_row  el_before_av_codeblock  avia-bg-style-scroll container_wrap sidebar_right'  ><div class='container av-section-cont-open' ><div class='template-page content  av-content-small alpha units'><div class='post-entry post-entry-type-page post-entry-1236'><div class='entry-content-wrapper clearfix'>\n<div class='flex_column_table av-av_one_half-6335e51905b92b226ed717ccbff33575 sc-av_one_half av-equal-height-column-flextable'>\n<style type=\"text\/css\" data-created_by=\"avia_inline_auto\" id=\"style-css-av-av_one_half-6335e51905b92b226ed717ccbff33575\">\n#top .flex_column_table.av-equal-height-column-flextable.av-av_one_half-6335e51905b92b226ed717ccbff33575{\nmargin-top:0px;\nmargin-bottom:0px;\n}\n.flex_column.av-av_one_half-6335e51905b92b226ed717ccbff33575{\nborder-radius:0px 0px 0px 0px;\n}\n<\/style>\n<div  class='flex_column av-av_one_half-6335e51905b92b226ed717ccbff33575 av_one_half  avia-builder-el-6  el_before_av_one_half  avia-builder-el-first  first flex_column_table_cell av-equal-height-column av-align-top av-animated-generic bottom-to-top  '     ><div  class='avia-icon-list-container av-av_iconlist-9b08c0c33fa2edcda6a6e137ff98d316  avia-builder-el-7  avia-builder-el-no-sibling '><ul class='avia-icon-list avia_animate_when_almost_visible avia-icon-list-left av-iconlist-big av-av_iconlist-9b08c0c33fa2edcda6a6e137ff98d316 avia-iconlist-animate'>\n<li><div class='iconlist_icon av-av_iconlist_item-51aad07d1a5091c03640cc09fe6ae555 avia-font-FontAwesome'><span class='iconlist-char' aria-hidden='true' data-av_icon='' data-av_iconfont='FontAwesome'><\/span><\/div><article class=\"article-icon-entry \"  itemscope=\"itemscope\" itemtype=\"https:\/\/schema.org\/CreativeWork\" ><div class=\"iconlist_content_wrap\"><header class=\"entry-content-header\" aria-label=\"Icon: &lt;mark&gt;KIVI&lt;\/mark&gt;&lt;u&gt;KODA&lt;\/u&gt; O\u00dc\"><h4 class='av_iconlist_title iconlist_title  '  itemprop=\"headline\" ><mark>KIVI<\/mark><u>KODA<\/u> O\u00dc<\/h4><\/header><div class='iconlist_content '  itemprop=\"text\" ><p><a href=\"https:\/\/kivikoda.ee\/kontakt\/#map\">\u0421\u0443\u0443\u0440-\u041f\u0430\u0430\u043b\u0430 1313619 \u0422\u0430\u043b\u043b\u0438\u043d\u043d<\/a><\/p>\n<\/div><\/div><footer class=\"entry-footer\"><\/footer><\/article><div class=\"iconlist-timeline\"><\/div><\/li>\n<li><div class='iconlist_icon av-av_iconlist_item-163eb12edd36efe5762a650948c3a983 avia-font-FontAwesome'><span class='iconlist-char' aria-hidden='true' data-av_icon='' data-av_iconfont='FontAwesome'><\/span><\/div><article class=\"article-icon-entry \"  itemscope=\"itemscope\" itemtype=\"https:\/\/schema.org\/CreativeWork\" ><div class=\"iconlist_content_wrap\"><header class=\"entry-content-header\" aria-label=\"Icon: \u041f\u043e\u0437\u0432\u043e\u043d\u0438\u0442\u0435 \u043d\u0430\u043c\"><h4 class='av_iconlist_title iconlist_title  '  itemprop=\"headline\" >\u041f\u043e\u0437\u0432\u043e\u043d\u0438\u0442\u0435 \u043d\u0430\u043c<\/h4><\/header><div class='iconlist_content '  itemprop=\"text\" ><p><a href=\"tel:+3726233091\">(+372) 6233091<\/a><\/p>\n<\/div><\/div><footer class=\"entry-footer\"><\/footer><\/article><div class=\"iconlist-timeline\"><\/div><\/li>\n<li><div class='iconlist_icon av-av_iconlist_item-407cff80e43aaa3d45d97176d085e323 avia-font-FontAwesome'><span class='iconlist-char' aria-hidden='true' data-av_icon='' data-av_iconfont='FontAwesome'><\/span><\/div><article class=\"article-icon-entry \"  itemscope=\"itemscope\" itemtype=\"https:\/\/schema.org\/CreativeWork\" ><div class=\"iconlist_content_wrap\"><header class=\"entry-content-header\" aria-label=\"Icon: \u041e\u0442\u043f\u0440\u0430\u0432\u044c\u0442\u0435 \u044d-\u043f\u0438\u0441\u044c\u043c\u043e\"><h4 class='av_iconlist_title iconlist_title  '  itemprop=\"headline\" >\u041e\u0442\u043f\u0440\u0430\u0432\u044c\u0442\u0435 \u044d-\u043f\u0438\u0441\u044c\u043c\u043e<\/h4><\/header><div class='iconlist_content '  itemprop=\"text\" ><p><a href=\"&#x6d;&#97;&#105;l&#x74;&#x6f;&#58;i&#x6e;&#x66;&#111;&#64;&#x6b;&#x69;&#118;i&#x6b;&#x6f;&#100;a&#x2e;&#x65;&#101;\">&#105;&#x6e;&#102;&#x6f;&#64;&#x6b;i&#118;&#x69;&#107;&#x6f;&#100;&#x61;&#46;&#x65;e<\/a><\/p>\n<\/div><\/div><footer class=\"entry-footer\"><\/footer><\/article><div class=\"iconlist-timeline\"><\/div><\/li>\n<\/ul><\/div><\/div><div class='av-flex-placeholder'><\/div>\n<style type=\"text\/css\" data-created_by=\"avia_inline_auto\" id=\"style-css-av-av_one_half-385abc47461d00816188c84dfe26fa21\">\n#top .flex_column_table.av-equal-height-column-flextable.av-av_one_half-385abc47461d00816188c84dfe26fa21{\nmargin-top:0px;\nmargin-bottom:0px;\n}\n.flex_column.av-av_one_half-385abc47461d00816188c84dfe26fa21{\nborder-radius:0px 0px 0px 0px;\n}\n<\/style>\n<div  class='flex_column av-av_one_half-385abc47461d00816188c84dfe26fa21 av_one_half  avia-builder-el-8  el_after_av_one_half  avia-builder-el-last  flex_column_table_cell av-equal-height-column av-align-top av-animated-generic bottom-to-top  '     ><div  class='avia-icon-list-container av-av_iconlist-9b08c0c33fa2edcda6a6e137ff98d316  avia-builder-el-9  avia-builder-el-no-sibling '><ul class='avia-icon-list avia_animate_when_almost_visible avia-icon-list-left av-iconlist-big av-av_iconlist-9b08c0c33fa2edcda6a6e137ff98d316 avia-iconlist-animate'>\n<li><div class='iconlist_icon av-av_iconlist_item-83dbfae4d28a5e2eab2de6e7c18738cc avia-font-entypo-fontello'><span class='iconlist-char' aria-hidden='true' data-av_icon='\ue80a' data-av_iconfont='entypo-fontello'><\/span><\/div><article class=\"article-icon-entry \"  itemscope=\"itemscope\" itemtype=\"https:\/\/schema.org\/CreativeWork\" ><div class=\"iconlist_content_wrap\"><header class=\"entry-content-header\" aria-label=\"Icon: &lt;mark&gt;\u042f&lt;\/mark&gt;\u0430\u043a &lt;u&gt;\u041f&lt;\/u&gt;\u0435\u0442\u0435\u0440\u0441\u043e\u043d\"><h4 class='av_iconlist_title iconlist_title  '  itemprop=\"headline\" ><mark>\u042f<\/mark>\u0430\u043a <u>\u041f<\/u>\u0435\u0442\u0435\u0440\u0441\u043e\u043d<\/h4><\/header><div class='iconlist_content '  itemprop=\"text\" ><p><a href=\"&#x6d;&#x61;&#x69;&#x6c;&#x74;&#x6f;&#x3a;&#x6a;&#x61;&#x61;&#x6b;&#x40;&#x6b;&#x69;&#118;&#105;&#107;&#111;&#100;&#97;&#46;&#101;&#101;\" target=\"_blank\" rel=\"noopener\">&#x6a;&#x61;&#x61;&#x6b;&#x40;&#x6b;&#x69;&#x76;&#x69;&#x6b;&#x6f;&#x64;&#x61;&#x2e;&#x65;&#x65;<\/a><br \/>\n<a href=\"tel:3725066433\" target=\"_blank\" rel=\"noopener\">+372 50 66 433<\/a><\/p>\n<\/div><\/div><footer class=\"entry-footer\"><\/footer><\/article><div class=\"iconlist-timeline\"><\/div><\/li>\n<\/ul><\/div><\/div><\/div><!--close column table wrapper. Autoclose: 1 --><\/div><\/div><\/div><!-- close content main div --><\/div><\/div><div id='after_section_1'  class='main_color av_default_container_wrap container_wrap sidebar_right'  ><div class='container av-section-cont-open' ><div class='template-page content  av-content-small alpha units'><div class='post-entry post-entry-type-page post-entry-1236'><div class='entry-content-wrapper clearfix'><\/p>\n","protected":false},"excerpt":{"rendered":"","protected":false},"author":3,"featured_media":0,"parent":0,"menu_order":6,"comment_status":"closed","ping_status":"closed","template":"","meta":{"advgb_blocks_editor_width":"","advgb_blocks_columns_visual_guide":"","footnotes":""},"class_list":["post-1236","page","type-page","status-publish","hentry"],"yoast_head":"<!-- This site is optimized with the Yoast SEO plugin v25.9 - https:\/\/yoast.com\/wordpress\/plugins\/seo\/ -->\n<title>\u041a\u043e\u043d\u0442\u0430\u043a\u0442 - KIVIKODA O\u00dc<\/title>\n<meta name=\"robots\" content=\"noindex, follow, max-snippet:-1, max-image-preview:large, max-video-preview:-1\" \/>\n<meta property=\"og:locale\" content=\"ru_RU\" \/>\n<meta property=\"og:type\" content=\"article\" \/>\n<meta property=\"og:title\" content=\"\u041a\u043e\u043d\u0442\u0430\u043a\u0442 - KIVIKODA O\u00dc\" \/>\n<meta property=\"og:url\" content=\"https:\/\/2025.kivikoda.ee\/kontakt\/\" \/>\n<meta property=\"og:site_name\" content=\"KIVIKODA O\u00dc\" \/>\n<meta property=\"article:modified_time\" content=\"2024-10-29T16:48:40+00:00\" \/>\n<meta name=\"twitter:card\" content=\"summary_large_image\" \/>\n<meta name=\"twitter:label1\" content=\"\u041f\u0440\u0438\u043c\u0435\u0440\u043d\u043e\u0435 \u0432\u0440\u0435\u043c\u044f \u0434\u043b\u044f \u0447\u0442\u0435\u043d\u0438\u044f\" \/>\n\t<meta name=\"twitter:data1\" content=\"1 \u043c\u0438\u043d\u0443\u0442\u0430\" \/>\n<script type=\"application\/ld+json\" class=\"yoast-schema-graph\">{\"@context\":\"https:\/\/schema.org\",\"@graph\":[{\"@type\":\"WebPage\",\"@id\":\"https:\/\/2025.kivikoda.ee\/kontakt\/\",\"url\":\"https:\/\/2025.kivikoda.ee\/kontakt\/\",\"name\":\"\u041a\u043e\u043d\u0442\u0430\u043a\u0442 - KIVIKODA O\u00dc\",\"isPartOf\":{\"@id\":\"https:\/\/2025.kivikoda.ee\/#website\"},\"datePublished\":\"2017-04-18T13:43:40+00:00\",\"dateModified\":\"2024-10-29T16:48:40+00:00\",\"breadcrumb\":{\"@id\":\"https:\/\/2025.kivikoda.ee\/kontakt\/#breadcrumb\"},\"inLanguage\":\"ru-RU\",\"potentialAction\":[{\"@type\":\"ReadAction\",\"target\":[\"https:\/\/2025.kivikoda.ee\/kontakt\/\"]}]},{\"@type\":\"BreadcrumbList\",\"@id\":\"https:\/\/2025.kivikoda.ee\/kontakt\/#breadcrumb\",\"itemListElement\":[{\"@type\":\"ListItem\",\"position\":1,\"name\":\"Home\",\"item\":\"https:\/\/2025.kivikoda.ee\/\"},{\"@type\":\"ListItem\",\"position\":2,\"name\":\"\u041a\u043e\u043d\u0442\u0430\u043a\u0442\"}]},{\"@type\":\"WebSite\",\"@id\":\"https:\/\/2025.kivikoda.ee\/#website\",\"url\":\"https:\/\/2025.kivikoda.ee\/\",\"name\":\"KIVIKODA O\u00dc\",\"description\":\"Looduskivide m\u00fc\u00fck, t\u00f6\u00f6tlemine, paigaldus\",\"potentialAction\":[{\"@type\":\"SearchAction\",\"target\":{\"@type\":\"EntryPoint\",\"urlTemplate\":\"https:\/\/2025.kivikoda.ee\/?s={search_term_string}\"},\"query-input\":{\"@type\":\"PropertyValueSpecification\",\"valueRequired\":true,\"valueName\":\"search_term_string\"}}],\"inLanguage\":\"ru-RU\"}]}<\/script>\n<!-- \/ Yoast SEO plugin. -->","yoast_head_json":{"title":"\u041a\u043e\u043d\u0442\u0430\u043a\u0442 - KIVIKODA O\u00dc","robots":{"index":"noindex","follow":"follow","max-snippet":"max-snippet:-1","max-image-preview":"max-image-preview:large","max-video-preview":"max-video-preview:-1"},"og_locale":"ru_RU","og_type":"article","og_title":"\u041a\u043e\u043d\u0442\u0430\u043a\u0442 - KIVIKODA O\u00dc","og_url":"https:\/\/2025.kivikoda.ee\/kontakt\/","og_site_name":"KIVIKODA O\u00dc","article_modified_time":"2024-10-29T16:48:40+00:00","twitter_card":"summary_large_image","twitter_misc":{"\u041f\u0440\u0438\u043c\u0435\u0440\u043d\u043e\u0435 \u0432\u0440\u0435\u043c\u044f \u0434\u043b\u044f \u0447\u0442\u0435\u043d\u0438\u044f":"1 \u043c\u0438\u043d\u0443\u0442\u0430"},"schema":{"@context":"https:\/\/schema.org","@graph":[{"@type":"WebPage","@id":"https:\/\/2025.kivikoda.ee\/kontakt\/","url":"https:\/\/2025.kivikoda.ee\/kontakt\/","name":"\u041a\u043e\u043d\u0442\u0430\u043a\u0442 - KIVIKODA O\u00dc","isPartOf":{"@id":"https:\/\/2025.kivikoda.ee\/#website"},"datePublished":"2017-04-18T13:43:40+00:00","dateModified":"2024-10-29T16:48:40+00:00","breadcrumb":{"@id":"https:\/\/2025.kivikoda.ee\/kontakt\/#breadcrumb"},"inLanguage":"ru-RU","potentialAction":[{"@type":"ReadAction","target":["https:\/\/2025.kivikoda.ee\/kontakt\/"]}]},{"@type":"BreadcrumbList","@id":"https:\/\/2025.kivikoda.ee\/kontakt\/#breadcrumb","itemListElement":[{"@type":"ListItem","position":1,"name":"Home","item":"https:\/\/2025.kivikoda.ee\/"},{"@type":"ListItem","position":2,"name":"\u041a\u043e\u043d\u0442\u0430\u043a\u0442"}]},{"@type":"WebSite","@id":"https:\/\/2025.kivikoda.ee\/#website","url":"https:\/\/2025.kivikoda.ee\/","name":"KIVIKODA O\u00dc","description":"Looduskivide m\u00fc\u00fck, t\u00f6\u00f6tlemine, paigaldus","potentialAction":[{"@type":"SearchAction","target":{"@type":"EntryPoint","urlTemplate":"https:\/\/2025.kivikoda.ee\/?s={search_term_string}"},"query-input":{"@type":"PropertyValueSpecification","valueRequired":true,"valueName":"search_term_string"}}],"inLanguage":"ru-RU"}]}},"coauthors":[],"author_meta":{"author_link":"https:\/\/2025.kivikoda.ee\/ru\/author\/kivikodak\/","display_name":"kivikodak"},"relative_dates":{"created":"Posted 9 \u043b\u0435\u0442 ago","modified":"Updated 1 \u0433\u043e\u0434 ago"},"absolute_dates":{"created":"Posted on \u0412\u0442\u043e\u0440\u043d\u0438\u043a, 18. \u0430\u043f\u0440\u0435\u043b\u044f 2017","modified":"Updated on \u0412\u0442\u043e\u0440\u043d\u0438\u043a, 29. \u043e\u043a\u0442\u044f\u0431\u0440\u044f 2024"},"absolute_dates_time":{"created":"Posted on \u0412\u0442\u043e\u0440\u043d\u0438\u043a, 18. \u0430\u043f\u0440\u0435\u043b\u044f 2017 16:43","modified":"Updated on \u0412\u0442\u043e\u0440\u043d\u0438\u043a, 29. \u043e\u043a\u0442\u044f\u0431\u0440\u044f 2024 18:48"},"featured_img_caption":"","featured_img":false,"series_order":"","_links":{"self":[{"href":"https:\/\/2025.kivikoda.ee\/ru\/wp-json\/wp\/v2\/pages\/1236","targetHints":{"allow":["GET"]}}],"collection":[{"href":"https:\/\/2025.kivikoda.ee\/ru\/wp-json\/wp\/v2\/pages"}],"about":[{"href":"https:\/\/2025.kivikoda.ee\/ru\/wp-json\/wp\/v2\/types\/page"}],"author":[{"embeddable":true,"href":"https:\/\/2025.kivikoda.ee\/ru\/wp-json\/wp\/v2\/users\/3"}],"replies":[{"embeddable":true,"href":"https:\/\/2025.kivikoda.ee\/ru\/wp-json\/wp\/v2\/comments?post=1236"}],"version-history":[{"count":6,"href":"https:\/\/2025.kivikoda.ee\/ru\/wp-json\/wp\/v2\/pages\/1236\/revisions"}],"predecessor-version":[{"id":2088,"href":"https:\/\/2025.kivikoda.ee\/ru\/wp-json\/wp\/v2\/pages\/1236\/revisions\/2088"}],"wp:attachment":[{"href":"https:\/\/2025.kivikoda.ee\/ru\/wp-json\/wp\/v2\/media?parent=1236"}],"curies":[{"name":"wp","href":"https:\/\/api.w.org\/{rel}","templated":true}]}}