{"id":1186,"date":"2018-07-04T15:19:32","date_gmt":"2018-07-04T12:19:32","guid":{"rendered":"https:\/\/kivikoda.ee\/?page_id=1186"},"modified":"2018-11-27T02:36:11","modified_gmt":"2018-11-27T00:36:11","slug":"engineered-stone","status":"publish","type":"page","link":"https:\/\/2025.kivikoda.ee\/en\/engineered-stone\/","title":{"rendered":"Engineered stone"},"content":{"rendered":"<div id='stripped-1'  class='av-layout-grid-container av-av_layout_row-043c4f8b4d50344de3d69dbd0d79de8c entry-content-wrapper main_color av-fixed-cells  avia-builder-el-0  el_before_av_section  avia-builder-el-first   container_wrap sidebar_right'  >\n\n<style type=\"text\/css\" data-created_by=\"avia_inline_auto\" id=\"style-css-av-av_cell_one_fourth-ef9d2bdd4a856adcddca4293a8a234ff\">\n.flex_cell.av-av_cell_one_fourth-ef9d2bdd4a856adcddca4293a8a234ff{\nvertical-align:top;\n}\n<\/style>\n<div class='flex_cell av-av_cell_one_fourth-ef9d2bdd4a856adcddca4293a8a234ff av-gridrow-cell av_one_fourth no_margin  avia-builder-el-1  el_before_av_cell_one_fourth  avia-builder-el-first '  ><div class='flex_cell_inner'><\/div><\/div>\n<style type=\"text\/css\" data-created_by=\"avia_inline_auto\" id=\"style-css-av-av_cell_one_fourth-ef9d2bdd4a856adcddca4293a8a234ff\">\n.flex_cell.av-av_cell_one_fourth-ef9d2bdd4a856adcddca4293a8a234ff{\nvertical-align:top;\n}\n<\/style>\n<div class='flex_cell av-av_cell_one_fourth-ef9d2bdd4a856adcddca4293a8a234ff av-gridrow-cell av_one_fourth no_margin  avia-builder-el-2  el_after_av_cell_one_fourth  el_before_av_cell_one_fourth '  ><div class='flex_cell_inner'><\/div><\/div>\n<style type=\"text\/css\" data-created_by=\"avia_inline_auto\" id=\"style-css-av-av_cell_one_fourth-ef9d2bdd4a856adcddca4293a8a234ff\">\n.flex_cell.av-av_cell_one_fourth-ef9d2bdd4a856adcddca4293a8a234ff{\nvertical-align:top;\n}\n<\/style>\n<div class='flex_cell av-av_cell_one_fourth-ef9d2bdd4a856adcddca4293a8a234ff av-gridrow-cell av_one_fourth no_margin  avia-builder-el-3  el_after_av_cell_one_fourth  el_before_av_cell_one_fourth '  ><div class='flex_cell_inner'><\/div><\/div>\n<style type=\"text\/css\" data-created_by=\"avia_inline_auto\" id=\"style-css-av-av_cell_one_fourth-ef9d2bdd4a856adcddca4293a8a234ff\">\n.flex_cell.av-av_cell_one_fourth-ef9d2bdd4a856adcddca4293a8a234ff{\nvertical-align:top;\n}\n<\/style>\n<div class='flex_cell av-av_cell_one_fourth-ef9d2bdd4a856adcddca4293a8a234ff av-gridrow-cell av_one_fourth no_margin  avia-builder-el-4  el_after_av_cell_one_fourth  avia-builder-el-last '  ><div class='flex_cell_inner'><\/div><\/div>\n<\/div>\n<div id='row-1'  class='avia-section av-av_section-0fdaddd9ec9ac5a5844d1fed9ac1cd2a main_color avia-section-no-padding avia-no-border-styling  avia-builder-el-5  el_after_av_layout_row  el_before_av_layout_row  avia-bg-style-scroll container_wrap sidebar_right'  ><div class='container av-section-cont-open' ><div class='template-page content  av-content-small alpha units'><div class='post-entry post-entry-type-page post-entry-1186'><div class='entry-content-wrapper clearfix'>\n<div class='flex_column_table av-av_one_fifth-1c7e3c58ecc763aa08486dcc1db7593e sc-av_one_fifth av-equal-height-column-flextable'>\n<style type=\"text\/css\" data-created_by=\"avia_inline_auto\" id=\"style-css-av-av_one_fifth-1c7e3c58ecc763aa08486dcc1db7593e\">\n.flex_column.av-av_one_fifth-1c7e3c58ecc763aa08486dcc1db7593e{\nborder-radius:0px 0px 0px 0px;\npadding:0px 0px 0px 0px;\n}\n<\/style>\n<div  class='flex_column av-av_one_fifth-1c7e3c58ecc763aa08486dcc1db7593e av_one_fifth  avia-builder-el-6  el_before_av_three_fifth  avia-builder-el-first  first no_margin flex_column_table_cell av-equal-height-column av-align-top av-hide-on-mobile av-zero-column-padding  '     ><\/div>\n<style type=\"text\/css\" data-created_by=\"avia_inline_auto\" id=\"style-css-av-av_three_fifth-0aa7055fe62c3622faec82866afbaeb2\">\n.flex_column.av-av_three_fifth-0aa7055fe62c3622faec82866afbaeb2{\nborder-radius:0px 0px 0px 0px;\npadding:0px 0px 0px 0px;\n}\n<\/style>\n<div  class='flex_column av-av_three_fifth-0aa7055fe62c3622faec82866afbaeb2 av_three_fifth  avia-builder-el-7  el_after_av_one_fifth  el_before_av_one_fifth  no_margin flex_column_table_cell av-equal-height-column av-align-top av-zero-column-padding  '     ><style type=\"text\/css\" data-created_by=\"avia_inline_auto\" id=\"style-css-av-av_heading-60b00397a85983b9fd66d9abf4bab162\">\n#top .av-special-heading.av-av_heading-60b00397a85983b9fd66d9abf4bab162{\npadding-bottom:20px;\n}\nbody .av-special-heading.av-av_heading-60b00397a85983b9fd66d9abf4bab162 .av-special-heading-tag .heading-char{\nfont-size:25px;\n}\n.av-special-heading.av-av_heading-60b00397a85983b9fd66d9abf4bab162 .av-subheading{\nfont-size:20px;\n}\n<\/style>\n<div  class='av-special-heading av-av_heading-60b00397a85983b9fd66d9abf4bab162 av-special-heading-h2 blockquote modern-quote modern-centered  avia-builder-el-8  avia-builder-el-no-sibling '><h2 class='av-special-heading-tag '  itemprop=\"headline\"  ><u>E<\/u>ngineered stone<\/h2><div class='av-subheading av-subheading_below'><h3>the best choice for the interiors of intensive use and high hygiene requirements<\/h3>\n<\/div><div class=\"special-heading-border\"><div class=\"special-heading-inner-border\"><\/div><\/div><\/div><\/div>\n<style type=\"text\/css\" data-created_by=\"avia_inline_auto\" id=\"style-css-av-av_one_fifth-ab1f2df5405556a9c828bbf1aabf22bf\">\n.flex_column.av-av_one_fifth-ab1f2df5405556a9c828bbf1aabf22bf{\nborder-radius:0px 0px 0px 0px;\npadding:0px 0px 0px 0px;\n}\n<\/style>\n<div  class='flex_column av-av_one_fifth-ab1f2df5405556a9c828bbf1aabf22bf av_one_fifth  avia-builder-el-9  el_after_av_three_fifth  el_before_av_one_half  no_margin flex_column_table_cell av-equal-height-column av-align-top av-hide-on-mobile av-zero-column-padding  '     ><\/div><\/div><!--close column table wrapper. Autoclose: 1 --><div class='flex_column_table av-av_one_half-877c4261a69bab824e74b3b7967646c2 sc-av_one_half av-equal-height-column-flextable'>\n<style type=\"text\/css\" data-created_by=\"avia_inline_auto\" id=\"style-css-av-av_one_half-877c4261a69bab824e74b3b7967646c2\">\n.flex_column.av-av_one_half-877c4261a69bab824e74b3b7967646c2{\nborder-radius:0px 0px 0px 0px;\npadding:0px 0px 0px 0px;\n}\n<\/style>\n<div  class='flex_column av-av_one_half-877c4261a69bab824e74b3b7967646c2 av_one_half  avia-builder-el-10  el_after_av_one_fifth  el_before_av_one_half  first flex_column_table_cell av-equal-height-column av-align-top av-animated-generic bottom-to-top av-zero-column-padding  column-top-margin'     ><section  class='av_textblock_section av-av_textblock-35972167d9f102c5ddaec0c531c98b9e '   itemscope=\"itemscope\" itemtype=\"https:\/\/schema.org\/CreativeWork\" ><div class='avia_textblock'  itemprop=\"text\" ><p>Engineered stone is particularly suitable for kitchen (worktops, sinks) and bathroom (wall and floor covering, worktops and sinks), but also for other rooms requiring practical, strong, dirt resistant and at the same time aesthetical solution.<\/p>\n<blockquote>\n<p>Engineered stone is of high quality, easy to maintain and long-lasting fine material.<\/p>\n<\/blockquote>\n<p>One advantage of engineered stone before natural stone is the possibility to use light colour tones on kitchen worktops. The tiles with colour fit with the interior design concept can be chosen also based on the small sample piece, as the colour tones of engineered stone are extra finely tuned.<\/p>\n<\/div><\/section><\/div><div class='av-flex-placeholder'><\/div>\n<style type=\"text\/css\" data-created_by=\"avia_inline_auto\" id=\"style-css-av-av_one_half-a900c17d1f020fd0ba0f5f1dfba5e081\">\n.flex_column.av-av_one_half-a900c17d1f020fd0ba0f5f1dfba5e081{\nborder-radius:0px 0px 0px 0px;\npadding:0px 0px 0px 0px;\n}\n<\/style>\n<div  class='flex_column av-av_one_half-a900c17d1f020fd0ba0f5f1dfba5e081 av_one_half  avia-builder-el-12  el_after_av_one_half  el_before_av_one_full  no-image-overlay flex_column_table_cell av-equal-height-column av-align-top av-animated-generic bottom-to-top av-zero-column-padding  column-top-margin'     ><p><section  class='av_textblock_section av-av_textblock-35972167d9f102c5ddaec0c531c98b9e '   itemscope=\"itemscope\" itemtype=\"https:\/\/schema.org\/CreativeWork\" ><div class='avia_textblock'  itemprop=\"text\" ><p>The product range of <mark>KIVI<\/mark><u>KODA<\/u> O\u00dc includes two types of top-quality engineered stones: engineered quartzite <a href=\"https:\/\/kivikoda.ee\/en\/engineered-stone\/silestone\/\"><strong>Silestone<\/strong><\/a> made of natural quartz and innovative <a href=\"https:\/\/kivikoda.ee\/en\/engineered-stone\/dekton\/\"><strong>Dekton<\/strong><\/a> combining the best qualities of ceramics, glass and stone.<\/p>\n<\/div><\/section><br \/>\n<div id='av-masonry-1' class='av-masonry av-av_masonry_gallery-5aaba97cc2cdea1270411cbe1b9d8c12 noHover av-flex-size av-1px-gap av-hover-overlay- av-masonry-animation-active av-masonry-col-3 av-caption-always av-caption-style- av-masonry-gallery ' data-post_id=\"1186\"><div class=\"av-masonry-container isotope av-js-disabled\"><div class='av-masonry-entry isotope-item av-masonry-item-no-image '><\/div><a href=\"https:\/\/2025.kivikoda.ee\/wp-content\/uploads\/silestone-logo.jpg\" data-srcset=\"https:\/\/2025.kivikoda.ee\/wp-content\/uploads\/silestone-logo.jpg 248w, https:\/\/2025.kivikoda.ee\/wp-content\/uploads\/silestone-logo-80x80.jpg 80w, https:\/\/2025.kivikoda.ee\/wp-content\/uploads\/silestone-logo-36x36.jpg 36w, https:\/\/2025.kivikoda.ee\/wp-content\/uploads\/silestone-logo-180x180.jpg 180w, https:\/\/2025.kivikoda.ee\/wp-content\/uploads\/silestone-logo-120x120.jpg 120w\" data-sizes=\"(max-width: 248px) 100vw, 248px\"  aria-label=\"image silestone-logo\"  id='av-masonry-1-item-1093' data-av-masonry-item='1093' class='av-masonry-entry isotope-item post-1093 attachment type-attachment status-inherit hentry  av-masonry-item-with-image' title=\"silestone-logo\" alt=\"\"  data-av-masonry-custom-link=\"https:\/\/kivikoda.ee\/en\/engineered-stone\/silestone\/\"  itemprop=\"thumbnailUrl\" ><div class='av-inner-masonry-sizer'><\/div><figure class='av-inner-masonry main_color'><div class=\"av-masonry-outerimage-container\"><div class='av-masonry-image-container'  ><img decoding=\"async\" width=\"248\" height=\"248\" fetchpriority=\"high\" class=\"wp-image-1093 avia-img-lazy-loading-not-1093\"  src=\"https:\/\/2025.kivikoda.ee\/wp-content\/uploads\/silestone-logo.jpg\" title=\"silestone-logo\" alt=\"\" srcset=\"https:\/\/2025.kivikoda.ee\/wp-content\/uploads\/silestone-logo.jpg 248w, https:\/\/2025.kivikoda.ee\/wp-content\/uploads\/silestone-logo-80x80.jpg 80w, https:\/\/2025.kivikoda.ee\/wp-content\/uploads\/silestone-logo-36x36.jpg 36w, https:\/\/2025.kivikoda.ee\/wp-content\/uploads\/silestone-logo-180x180.jpg 180w, https:\/\/2025.kivikoda.ee\/wp-content\/uploads\/silestone-logo-120x120.jpg 120w\" sizes=\"(max-width: 248px) 100vw, 248px\" \/><\/div><\/div><\/figure><\/a><!--end av-masonry entry--><a href=\"https:\/\/2025.kivikoda.ee\/wp-content\/uploads\/dekton-logo.jpg\" data-srcset=\"https:\/\/2025.kivikoda.ee\/wp-content\/uploads\/dekton-logo.jpg 248w, https:\/\/2025.kivikoda.ee\/wp-content\/uploads\/dekton-logo-80x80.jpg 80w, https:\/\/2025.kivikoda.ee\/wp-content\/uploads\/dekton-logo-36x36.jpg 36w, https:\/\/2025.kivikoda.ee\/wp-content\/uploads\/dekton-logo-180x180.jpg 180w, https:\/\/2025.kivikoda.ee\/wp-content\/uploads\/dekton-logo-120x120.jpg 120w\" data-sizes=\"(max-width: 248px) 100vw, 248px\"  aria-label=\"image dekton-logo\"  id='av-masonry-1-item-1095' data-av-masonry-item='1095' class='av-masonry-entry isotope-item post-1095 attachment type-attachment status-inherit hentry  av-masonry-item-with-image' title=\"dekton-logo\" alt=\"\"  data-av-masonry-custom-link=\"https:\/\/kivikoda.ee\/en\/engineered-stone\/dekton\/\"  itemprop=\"thumbnailUrl\" ><div class='av-inner-masonry-sizer'><\/div><figure class='av-inner-masonry main_color'><div class=\"av-masonry-outerimage-container\"><div class='av-masonry-image-container'  ><img decoding=\"async\" width=\"248\" height=\"248\" fetchpriority=\"high\" class=\"wp-image-1095 avia-img-lazy-loading-not-1095\"  src=\"https:\/\/2025.kivikoda.ee\/wp-content\/uploads\/dekton-logo.jpg\" title=\"dekton-logo\" alt=\"\" srcset=\"https:\/\/2025.kivikoda.ee\/wp-content\/uploads\/dekton-logo.jpg 248w, https:\/\/2025.kivikoda.ee\/wp-content\/uploads\/dekton-logo-80x80.jpg 80w, https:\/\/2025.kivikoda.ee\/wp-content\/uploads\/dekton-logo-36x36.jpg 36w, https:\/\/2025.kivikoda.ee\/wp-content\/uploads\/dekton-logo-180x180.jpg 180w, https:\/\/2025.kivikoda.ee\/wp-content\/uploads\/dekton-logo-120x120.jpg 120w\" sizes=\"(max-width: 248px) 100vw, 248px\" \/><\/div><\/div><\/figure><\/a><!--end av-masonry entry--><\/div><\/div><\/p><\/div><\/div><!--close column table wrapper. Autoclose: 1 -->\n<style type=\"text\/css\" data-created_by=\"avia_inline_auto\" id=\"style-css-av-av_one_full-e1ff0d73704688379178967f0d7d45a8\">\n.flex_column.av-av_one_full-e1ff0d73704688379178967f0d7d45a8{\nborder-radius:0px 0px 0px 0px;\npadding:0px 5% 0px 5%;\n}\n<\/style>\n<div  class='flex_column av-av_one_full-e1ff0d73704688379178967f0d7d45a8 av_one_full  avia-builder-el-15  el_after_av_one_half  avia-builder-el-last  first flex_column_div av-animated-generic bottom-to-top  column-top-margin'     ><div id='avia-messagebox-' class='avia_message_box av_notification av-av_notification-54469cbde6201c0dc875c9ab35d090b5 avia-color-silver avia-size-large avia-icon_select-yes avia-border-dashed  avia-builder-el-16  avia-builder-el-no-sibling ' ><div class=\"avia_message_box_content\"><span class='avia_message_box_icon' aria-hidden='true' data-av_icon='\ue864' data-av_iconfont='entypo-fontello'><\/span><p>Our supplier is the world\u2019s biggest manufacturer of engineered stone, our cooperation dates back to the year 2011.<\/p>\n<\/div><\/div><\/div><\/div><\/div><\/div><!-- close content main div --><\/div><\/div><div id='stripped-1'  class='av-layout-grid-container av-av_layout_row-043c4f8b4d50344de3d69dbd0d79de8c entry-content-wrapper main_color av-fixed-cells  avia-builder-el-17  el_after_av_section  avia-builder-el-last  grid-row-not-first  container_wrap sidebar_right'  >\n\n<style type=\"text\/css\" data-created_by=\"avia_inline_auto\" id=\"style-css-av-av_cell_one_fourth-ef9d2bdd4a856adcddca4293a8a234ff\">\n.flex_cell.av-av_cell_one_fourth-ef9d2bdd4a856adcddca4293a8a234ff{\nvertical-align:top;\n}\n<\/style>\n<div class='flex_cell av-av_cell_one_fourth-ef9d2bdd4a856adcddca4293a8a234ff av-gridrow-cell av_one_fourth no_margin  avia-builder-el-18  el_before_av_cell_one_fourth  avia-builder-el-first '  ><div class='flex_cell_inner'><\/div><\/div>\n<style type=\"text\/css\" data-created_by=\"avia_inline_auto\" id=\"style-css-av-av_cell_one_fourth-ef9d2bdd4a856adcddca4293a8a234ff\">\n.flex_cell.av-av_cell_one_fourth-ef9d2bdd4a856adcddca4293a8a234ff{\nvertical-align:top;\n}\n<\/style>\n<div class='flex_cell av-av_cell_one_fourth-ef9d2bdd4a856adcddca4293a8a234ff av-gridrow-cell av_one_fourth no_margin  avia-builder-el-19  el_after_av_cell_one_fourth  el_before_av_cell_one_fourth '  ><div class='flex_cell_inner'><\/div><\/div>\n<style type=\"text\/css\" data-created_by=\"avia_inline_auto\" id=\"style-css-av-av_cell_one_fourth-ef9d2bdd4a856adcddca4293a8a234ff\">\n.flex_cell.av-av_cell_one_fourth-ef9d2bdd4a856adcddca4293a8a234ff{\nvertical-align:top;\n}\n<\/style>\n<div class='flex_cell av-av_cell_one_fourth-ef9d2bdd4a856adcddca4293a8a234ff av-gridrow-cell av_one_fourth no_margin  avia-builder-el-20  el_after_av_cell_one_fourth  el_before_av_cell_one_fourth '  ><div class='flex_cell_inner'><\/div><\/div>\n<style type=\"text\/css\" data-created_by=\"avia_inline_auto\" id=\"style-css-av-av_cell_one_fourth-ef9d2bdd4a856adcddca4293a8a234ff\">\n.flex_cell.av-av_cell_one_fourth-ef9d2bdd4a856adcddca4293a8a234ff{\nvertical-align:top;\n}\n<\/style>\n<div class='flex_cell av-av_cell_one_fourth-ef9d2bdd4a856adcddca4293a8a234ff av-gridrow-cell av_one_fourth no_margin  avia-builder-el-21  el_after_av_cell_one_fourth  avia-builder-el-last '  ><div class='flex_cell_inner'><\/div><\/div>\n<\/div><\/p>\n","protected":false},"excerpt":{"rendered":"","protected":false},"author":3,"featured_media":0,"parent":0,"menu_order":1,"comment_status":"closed","ping_status":"closed","template":"","meta":{"advgb_blocks_editor_width":"","advgb_blocks_columns_visual_guide":"","footnotes":""},"class_list":["post-1186","page","type-page","status-publish","hentry"],"yoast_head":"<!-- This site is optimized with the Yoast SEO plugin v25.9 - https:\/\/yoast.com\/wordpress\/plugins\/seo\/ -->\n<title>Engineered stone - KIVIKODA O\u00dc<\/title>\n<meta name=\"robots\" content=\"noindex, follow, max-snippet:-1, max-image-preview:large, max-video-preview:-1\" \/>\n<meta property=\"og:locale\" content=\"en_US\" \/>\n<meta property=\"og:type\" content=\"article\" \/>\n<meta property=\"og:title\" content=\"Engineered stone - KIVIKODA O\u00dc\" \/>\n<meta property=\"og:url\" content=\"https:\/\/2025.kivikoda.ee\/presskivi\/\" \/>\n<meta property=\"og:site_name\" content=\"KIVIKODA O\u00dc\" \/>\n<meta property=\"article:modified_time\" content=\"2018-11-27T00:36:11+00:00\" \/>\n<meta name=\"twitter:card\" content=\"summary_large_image\" \/>\n<meta name=\"twitter:label1\" content=\"Est. reading time\" \/>\n\t<meta name=\"twitter:data1\" content=\"5 minutes\" \/>\n<script type=\"application\/ld+json\" class=\"yoast-schema-graph\">{\"@context\":\"https:\/\/schema.org\",\"@graph\":[{\"@type\":\"WebPage\",\"@id\":\"https:\/\/2025.kivikoda.ee\/presskivi\/\",\"url\":\"https:\/\/2025.kivikoda.ee\/presskivi\/\",\"name\":\"Engineered stone - KIVIKODA O\u00dc\",\"isPartOf\":{\"@id\":\"https:\/\/2025.kivikoda.ee\/#website\"},\"datePublished\":\"2018-07-04T12:19:32+00:00\",\"dateModified\":\"2018-11-27T00:36:11+00:00\",\"breadcrumb\":{\"@id\":\"https:\/\/2025.kivikoda.ee\/presskivi\/#breadcrumb\"},\"inLanguage\":\"en-US\",\"potentialAction\":[{\"@type\":\"ReadAction\",\"target\":[\"https:\/\/2025.kivikoda.ee\/presskivi\/\"]}]},{\"@type\":\"BreadcrumbList\",\"@id\":\"https:\/\/2025.kivikoda.ee\/presskivi\/#breadcrumb\",\"itemListElement\":[{\"@type\":\"ListItem\",\"position\":1,\"name\":\"Home\",\"item\":\"https:\/\/2025.kivikoda.ee\/en\/\"},{\"@type\":\"ListItem\",\"position\":2,\"name\":\"Engineered stone\"}]},{\"@type\":\"WebSite\",\"@id\":\"https:\/\/2025.kivikoda.ee\/#website\",\"url\":\"https:\/\/2025.kivikoda.ee\/\",\"name\":\"KIVIKODA O\u00dc\",\"description\":\"Looduskivide m\u00fc\u00fck, t\u00f6\u00f6tlemine, paigaldus\",\"potentialAction\":[{\"@type\":\"SearchAction\",\"target\":{\"@type\":\"EntryPoint\",\"urlTemplate\":\"https:\/\/2025.kivikoda.ee\/?s={search_term_string}\"},\"query-input\":{\"@type\":\"PropertyValueSpecification\",\"valueRequired\":true,\"valueName\":\"search_term_string\"}}],\"inLanguage\":\"en-US\"}]}<\/script>\n<!-- \/ Yoast SEO plugin. -->","yoast_head_json":{"title":"Engineered stone - KIVIKODA O\u00dc","robots":{"index":"noindex","follow":"follow","max-snippet":"max-snippet:-1","max-image-preview":"max-image-preview:large","max-video-preview":"max-video-preview:-1"},"og_locale":"en_US","og_type":"article","og_title":"Engineered stone - KIVIKODA O\u00dc","og_url":"https:\/\/2025.kivikoda.ee\/presskivi\/","og_site_name":"KIVIKODA O\u00dc","article_modified_time":"2018-11-27T00:36:11+00:00","twitter_card":"summary_large_image","twitter_misc":{"Est. reading time":"5 minutes"},"schema":{"@context":"https:\/\/schema.org","@graph":[{"@type":"WebPage","@id":"https:\/\/2025.kivikoda.ee\/presskivi\/","url":"https:\/\/2025.kivikoda.ee\/presskivi\/","name":"Engineered stone - KIVIKODA O\u00dc","isPartOf":{"@id":"https:\/\/2025.kivikoda.ee\/#website"},"datePublished":"2018-07-04T12:19:32+00:00","dateModified":"2018-11-27T00:36:11+00:00","breadcrumb":{"@id":"https:\/\/2025.kivikoda.ee\/presskivi\/#breadcrumb"},"inLanguage":"en-US","potentialAction":[{"@type":"ReadAction","target":["https:\/\/2025.kivikoda.ee\/presskivi\/"]}]},{"@type":"BreadcrumbList","@id":"https:\/\/2025.kivikoda.ee\/presskivi\/#breadcrumb","itemListElement":[{"@type":"ListItem","position":1,"name":"Home","item":"https:\/\/2025.kivikoda.ee\/en\/"},{"@type":"ListItem","position":2,"name":"Engineered stone"}]},{"@type":"WebSite","@id":"https:\/\/2025.kivikoda.ee\/#website","url":"https:\/\/2025.kivikoda.ee\/","name":"KIVIKODA O\u00dc","description":"Looduskivide m\u00fc\u00fck, t\u00f6\u00f6tlemine, paigaldus","potentialAction":[{"@type":"SearchAction","target":{"@type":"EntryPoint","urlTemplate":"https:\/\/2025.kivikoda.ee\/?s={search_term_string}"},"query-input":{"@type":"PropertyValueSpecification","valueRequired":true,"valueName":"search_term_string"}}],"inLanguage":"en-US"}]}},"coauthors":[],"author_meta":{"author_link":"https:\/\/2025.kivikoda.ee\/en\/author\/kivikodak\/","display_name":"kivikodak"},"relative_dates":{"created":"Posted 8 years ago","modified":"Updated 7 years ago"},"absolute_dates":{"created":"Posted on Wednesday, 4. July 2018","modified":"Updated on Tuesday, 27. November 2018"},"absolute_dates_time":{"created":"Posted on Wednesday, 4. July 2018 15:19","modified":"Updated on Tuesday, 27. November 2018 02:36"},"featured_img_caption":"","featured_img":false,"series_order":"","_links":{"self":[{"href":"https:\/\/2025.kivikoda.ee\/en\/wp-json\/wp\/v2\/pages\/1186","targetHints":{"allow":["GET"]}}],"collection":[{"href":"https:\/\/2025.kivikoda.ee\/en\/wp-json\/wp\/v2\/pages"}],"about":[{"href":"https:\/\/2025.kivikoda.ee\/en\/wp-json\/wp\/v2\/types\/page"}],"author":[{"embeddable":true,"href":"https:\/\/2025.kivikoda.ee\/en\/wp-json\/wp\/v2\/users\/3"}],"replies":[{"embeddable":true,"href":"https:\/\/2025.kivikoda.ee\/en\/wp-json\/wp\/v2\/comments?post=1186"}],"version-history":[{"count":8,"href":"https:\/\/2025.kivikoda.ee\/en\/wp-json\/wp\/v2\/pages\/1186\/revisions"}],"predecessor-version":[{"id":1413,"href":"https:\/\/2025.kivikoda.ee\/en\/wp-json\/wp\/v2\/pages\/1186\/revisions\/1413"}],"wp:attachment":[{"href":"https:\/\/2025.kivikoda.ee\/en\/wp-json\/wp\/v2\/media?parent=1186"}],"curies":[{"name":"wp","href":"https:\/\/api.w.org\/{rel}","templated":true}]}}