{"id":1177,"date":"2018-07-04T15:15:22","date_gmt":"2018-07-04T12:15:22","guid":{"rendered":"https:\/\/kivikoda.ee\/?page_id=1177"},"modified":"2024-10-29T18:47:56","modified_gmt":"2024-10-29T16:47:56","slug":"contact","status":"publish","type":"page","link":"https:\/\/2025.kivikoda.ee\/en\/contact\/","title":{"rendered":"Contact"},"content":{"rendered":"<div id='stripped-1'  class='av-layout-grid-container av-1dt2cmx-f62b1bb707192d897388f49e954dd02e entry-content-wrapper main_color av-fixed-cells  avia-builder-el-0  el_before_av_section  avia-builder-el-first   container_wrap sidebar_right'  >\n\n<style type=\"text\/css\" data-created_by=\"avia_inline_auto\" id=\"style-css-av-1d00ebd-5c3f0a457756a81dd43850ebbe7aed34\">\n.flex_cell.av-1d00ebd-5c3f0a457756a81dd43850ebbe7aed34{\nvertical-align:top;\n}\n<\/style>\n<div class='flex_cell av-1d00ebd-5c3f0a457756a81dd43850ebbe7aed34 av-gridrow-cell av_one_fourth no_margin  avia-builder-el-1  el_before_av_cell_one_fourth  avia-builder-el-first '  ><div class='flex_cell_inner'><\/div><\/div>\n<style type=\"text\/css\" data-created_by=\"avia_inline_auto\" id=\"style-css-av-1bvzfbd-1623637d010328d2700c552c789df088\">\n.flex_cell.av-1bvzfbd-1623637d010328d2700c552c789df088{\nvertical-align:top;\n}\n<\/style>\n<div class='flex_cell av-1bvzfbd-1623637d010328d2700c552c789df088 av-gridrow-cell av_one_fourth no_margin  avia-builder-el-2  el_after_av_cell_one_fourth  el_before_av_cell_one_fourth '  ><div class='flex_cell_inner'><\/div><\/div>\n<style type=\"text\/css\" data-created_by=\"avia_inline_auto\" id=\"style-css-av-19fu77d-c71156eaf7622c21157b2d6feab09561\">\n.flex_cell.av-19fu77d-c71156eaf7622c21157b2d6feab09561{\nvertical-align:top;\n}\n<\/style>\n<div class='flex_cell av-19fu77d-c71156eaf7622c21157b2d6feab09561 av-gridrow-cell av_one_fourth no_margin  avia-builder-el-3  el_after_av_cell_one_fourth  el_before_av_cell_one_fourth '  ><div class='flex_cell_inner'><\/div><\/div>\n<style type=\"text\/css\" data-created_by=\"avia_inline_auto\" id=\"style-css-av-18e817d-2254fd5b61f05756cac284b365f3b478\">\n.flex_cell.av-18e817d-2254fd5b61f05756cac284b365f3b478{\nvertical-align:top;\n}\n<\/style>\n<div class='flex_cell av-18e817d-2254fd5b61f05756cac284b365f3b478 av-gridrow-cell av_one_fourth no_margin  avia-builder-el-4  el_after_av_cell_one_fourth  avia-builder-el-last '  ><div class='flex_cell_inner'><\/div><\/div>\n<\/div>\n<div id='av_section_1'  class='avia-section av-16fw3ih-d7a630260f5a9f1690045cc1763a1655 main_color avia-section-default avia-no-border-styling  avia-builder-el-5  el_after_av_layout_row  el_before_av_codeblock  avia-bg-style-scroll container_wrap sidebar_right'  ><div class='container av-section-cont-open' ><div class='template-page content  av-content-small alpha units'><div class='post-entry post-entry-type-page post-entry-1177'><div class='entry-content-wrapper clearfix'>\n<div class='flex_column_table av-14qiird-b16b1a5896b22b24256463f2b50ba96a sc-av_one_half av-equal-height-column-flextable'>\n<style type=\"text\/css\" data-created_by=\"avia_inline_auto\" id=\"style-css-av-14qiird-b16b1a5896b22b24256463f2b50ba96a\">\n#top .flex_column_table.av-equal-height-column-flextable.av-14qiird-b16b1a5896b22b24256463f2b50ba96a{\nmargin-top:0px;\nmargin-bottom:0px;\n}\n.flex_column.av-14qiird-b16b1a5896b22b24256463f2b50ba96a{\nborder-radius:0px 0px 0px 0px;\n}\n<\/style>\n<div  class='flex_column av-14qiird-b16b1a5896b22b24256463f2b50ba96a av_one_half  avia-builder-el-6  el_before_av_one_half  avia-builder-el-first  first flex_column_table_cell av-equal-height-column av-align-top av-animated-generic bottom-to-top  '     ><div  class='avia-icon-list-container av-12rqq2x-eb81105341d72f85b6baaafaa47be20f  avia-builder-el-7  avia-builder-el-no-sibling '><ul class='avia-icon-list avia_animate_when_almost_visible avia-icon-list-left av-iconlist-big av-12rqq2x-eb81105341d72f85b6baaafaa47be20f avia-iconlist-animate'>\n<li><div class='iconlist_icon av-3nu93t-d6ee5b9f28dd5ed076fd1e795a0dad6f avia-font-FontAwesome'><span class='iconlist-char' aria-hidden='true' data-av_icon='' data-av_iconfont='FontAwesome'><\/span><\/div><article class=\"article-icon-entry \"  itemscope=\"itemscope\" itemtype=\"https:\/\/schema.org\/CreativeWork\" ><div class=\"iconlist_content_wrap\"><header class=\"entry-content-header\" aria-label=\"Icon: &lt;mark&gt;KIVI&lt;\/mark&gt;&lt;u&gt;KODA&lt;\/u&gt; O\u00dc\"><h4 class='av_iconlist_title iconlist_title  '  itemprop=\"headline\" ><mark>KIVI<\/mark><u>KODA<\/u> O\u00dc<\/h4><\/header><div class='iconlist_content '  itemprop=\"text\" ><p><a href=\"#map\">Suur-Paala 13<span class=\"a-span\">13619 Tallinn<\/span><\/a><\/p>\n<\/div><\/div><footer class=\"entry-footer\"><\/footer><\/article><div class=\"iconlist-timeline\"><\/div><\/li>\n<li><div class='iconlist_icon av-10886op-4a88ae942bba50a2597fe6cdf035440c avia-font-FontAwesome'><span class='iconlist-char' aria-hidden='true' data-av_icon='' data-av_iconfont='FontAwesome'><\/span><\/div><article class=\"article-icon-entry \"  itemscope=\"itemscope\" itemtype=\"https:\/\/schema.org\/CreativeWork\" ><div class=\"iconlist_content_wrap\"><header class=\"entry-content-header\" aria-label=\"Icon: Call us\"><h4 class='av_iconlist_title iconlist_title  '  itemprop=\"headline\" >Call us<\/h4><\/header><div class='iconlist_content '  itemprop=\"text\" ><p><a href=\"tel:+3726233091\">(+372) 6233091<\/a><\/p>\n<\/div><\/div><footer class=\"entry-footer\"><\/footer><\/article><div class=\"iconlist-timeline\"><\/div><\/li>\n<li><div class='iconlist_icon av-y28tvd-4cf0a5f203b26b3054a155046a93b9ba avia-font-FontAwesome'><span class='iconlist-char' aria-hidden='true' data-av_icon='' data-av_iconfont='FontAwesome'><\/span><\/div><article class=\"article-icon-entry \"  itemscope=\"itemscope\" itemtype=\"https:\/\/schema.org\/CreativeWork\" ><div class=\"iconlist_content_wrap\"><header class=\"entry-content-header\" aria-label=\"Icon: Send an e-mail\"><h4 class='av_iconlist_title iconlist_title  '  itemprop=\"headline\" >Send an e-mail<\/h4><\/header><div class='iconlist_content '  itemprop=\"text\" ><p><a href=\"&#x6d;&#x61;&#x69;&#x6c;&#x74;&#x6f;&#x3a;&#x69;&#110;&#102;&#111;&#64;&#107;&#105;&#118;ikod&#x61;&#x2e;&#x65;&#x65;\">&#x69;&#110;f&#x6f;&#64;k&#x69;&#118;i&#x6b;&#111;d&#x61;&#46;e&#x65;<\/a><\/p>\n<\/div><\/div><footer class=\"entry-footer\"><\/footer><\/article><div class=\"iconlist-timeline\"><\/div><\/li>\n<\/ul><\/div><\/div><div class='av-flex-placeholder'><\/div>\n<style type=\"text\/css\" data-created_by=\"avia_inline_auto\" id=\"style-css-av-39pumx-1c85e48a4b223fde7b4b0006eeba84f4\">\n#top .flex_column_table.av-equal-height-column-flextable.av-39pumx-1c85e48a4b223fde7b4b0006eeba84f4{\nmargin-top:0px;\nmargin-bottom:0px;\n}\n.flex_column.av-39pumx-1c85e48a4b223fde7b4b0006eeba84f4{\nborder-radius:0px 0px 0px 0px;\n}\n<\/style>\n<div  class='flex_column av-39pumx-1c85e48a4b223fde7b4b0006eeba84f4 av_one_half  avia-builder-el-8  el_after_av_one_half  avia-builder-el-last  flex_column_table_cell av-equal-height-column av-align-top av-animated-generic bottom-to-top  '     ><div  class='avia-icon-list-container av-um4t3t-885e65c2beee45f35167e1961237cb34  avia-builder-el-9  avia-builder-el-no-sibling '><ul class='avia-icon-list avia_animate_when_almost_visible avia-icon-list-left av-iconlist-big av-um4t3t-885e65c2beee45f35167e1961237cb34 avia-iconlist-animate'>\n<li><div class='iconlist_icon av-sbvrvt-bf36b895373fec21bbed4626c73718cd avia-font-entypo-fontello'><span class='iconlist-char' aria-hidden='true' data-av_icon='\ue80a' data-av_iconfont='entypo-fontello'><\/span><\/div><article class=\"article-icon-entry \"  itemscope=\"itemscope\" itemtype=\"https:\/\/schema.org\/CreativeWork\" ><div class=\"iconlist_content_wrap\"><header class=\"entry-content-header\" aria-label=\"Icon: &lt;mark&gt;J&lt;\/mark&gt;aak &lt;u&gt;P&lt;\/u&gt;eterson\"><h4 class='av_iconlist_title iconlist_title  '  itemprop=\"headline\" ><mark>J<\/mark>aak <u>P<\/u>eterson<\/h4><\/header><div class='iconlist_content '  itemprop=\"text\" ><p><a href=\"&#x6d;&#x61;&#x69;&#x6c;&#x74;&#x6f;&#x3a;&#x6a;&#x61;&#x61;&#x6b;&#64;&#107;&#105;&#118;&#105;&#107;&#111;da&#46;ee\" target=\"_blank\" rel=\"noopener\">&#x6a;&#97;a&#x6b;&#64;k&#x69;&#118;i&#x6b;&#111;d&#x61;&#46;e&#x65;<\/a><br \/>\n<a href=\"tel:3725066433\" target=\"_blank\" rel=\"noopener\">+372 50 66 433<\/a><\/p>\n<\/div><\/div><footer class=\"entry-footer\"><\/footer><\/article><div class=\"iconlist-timeline\"><\/div><\/li>\n<\/ul><\/div><\/div><\/div><!--close column table wrapper. Autoclose: 1 -->\n<\/div><\/div><\/div><!-- close content main div --><\/div><\/div><div id='after_section_1'  class='main_color av_default_container_wrap container_wrap sidebar_right'  ><div class='container av-section-cont-open' ><div class='template-page content  av-content-small alpha units'><div class='post-entry post-entry-type-page post-entry-1177'><div class='entry-content-wrapper clearfix'>\n\n","protected":false},"excerpt":{"rendered":"","protected":false},"author":3,"featured_media":0,"parent":0,"menu_order":6,"comment_status":"closed","ping_status":"closed","template":"","meta":{"advgb_blocks_editor_width":"","advgb_blocks_columns_visual_guide":"","footnotes":""},"class_list":["post-1177","page","type-page","status-publish","hentry"],"yoast_head":"<!-- This site is optimized with the Yoast SEO plugin v25.9 - https:\/\/yoast.com\/wordpress\/plugins\/seo\/ -->\n<title>Contact - KIVIKODA O\u00dc<\/title>\n<meta name=\"robots\" content=\"noindex, follow, max-snippet:-1, max-image-preview:large, max-video-preview:-1\" \/>\n<meta property=\"og:locale\" content=\"en_US\" \/>\n<meta property=\"og:type\" content=\"article\" \/>\n<meta property=\"og:title\" content=\"Contact - KIVIKODA O\u00dc\" \/>\n<meta property=\"og:url\" content=\"https:\/\/2025.kivikoda.ee\/kontakt\/\" \/>\n<meta property=\"og:site_name\" content=\"KIVIKODA O\u00dc\" \/>\n<meta property=\"article:modified_time\" content=\"2024-10-29T16:47:56+00:00\" \/>\n<meta name=\"twitter:card\" content=\"summary_large_image\" \/>\n<meta name=\"twitter:label1\" content=\"Est. reading time\" \/>\n\t<meta name=\"twitter:data1\" content=\"1 minute\" \/>\n<script type=\"application\/ld+json\" class=\"yoast-schema-graph\">{\"@context\":\"https:\/\/schema.org\",\"@graph\":[{\"@type\":\"WebPage\",\"@id\":\"https:\/\/2025.kivikoda.ee\/kontakt\/\",\"url\":\"https:\/\/2025.kivikoda.ee\/kontakt\/\",\"name\":\"Contact - KIVIKODA O\u00dc\",\"isPartOf\":{\"@id\":\"https:\/\/2025.kivikoda.ee\/#website\"},\"datePublished\":\"2018-07-04T12:15:22+00:00\",\"dateModified\":\"2024-10-29T16:47:56+00:00\",\"breadcrumb\":{\"@id\":\"https:\/\/2025.kivikoda.ee\/kontakt\/#breadcrumb\"},\"inLanguage\":\"en-US\",\"potentialAction\":[{\"@type\":\"ReadAction\",\"target\":[\"https:\/\/2025.kivikoda.ee\/kontakt\/\"]}]},{\"@type\":\"BreadcrumbList\",\"@id\":\"https:\/\/2025.kivikoda.ee\/kontakt\/#breadcrumb\",\"itemListElement\":[{\"@type\":\"ListItem\",\"position\":1,\"name\":\"Home\",\"item\":\"https:\/\/2025.kivikoda.ee\/en\/\"},{\"@type\":\"ListItem\",\"position\":2,\"name\":\"Contact\"}]},{\"@type\":\"WebSite\",\"@id\":\"https:\/\/2025.kivikoda.ee\/#website\",\"url\":\"https:\/\/2025.kivikoda.ee\/\",\"name\":\"KIVIKODA O\u00dc\",\"description\":\"Looduskivide m\u00fc\u00fck, t\u00f6\u00f6tlemine, paigaldus\",\"potentialAction\":[{\"@type\":\"SearchAction\",\"target\":{\"@type\":\"EntryPoint\",\"urlTemplate\":\"https:\/\/2025.kivikoda.ee\/?s={search_term_string}\"},\"query-input\":{\"@type\":\"PropertyValueSpecification\",\"valueRequired\":true,\"valueName\":\"search_term_string\"}}],\"inLanguage\":\"en-US\"}]}<\/script>\n<!-- \/ Yoast SEO plugin. -->","yoast_head_json":{"title":"Contact - KIVIKODA O\u00dc","robots":{"index":"noindex","follow":"follow","max-snippet":"max-snippet:-1","max-image-preview":"max-image-preview:large","max-video-preview":"max-video-preview:-1"},"og_locale":"en_US","og_type":"article","og_title":"Contact - KIVIKODA O\u00dc","og_url":"https:\/\/2025.kivikoda.ee\/kontakt\/","og_site_name":"KIVIKODA O\u00dc","article_modified_time":"2024-10-29T16:47:56+00:00","twitter_card":"summary_large_image","twitter_misc":{"Est. reading time":"1 minute"},"schema":{"@context":"https:\/\/schema.org","@graph":[{"@type":"WebPage","@id":"https:\/\/2025.kivikoda.ee\/kontakt\/","url":"https:\/\/2025.kivikoda.ee\/kontakt\/","name":"Contact - KIVIKODA O\u00dc","isPartOf":{"@id":"https:\/\/2025.kivikoda.ee\/#website"},"datePublished":"2018-07-04T12:15:22+00:00","dateModified":"2024-10-29T16:47:56+00:00","breadcrumb":{"@id":"https:\/\/2025.kivikoda.ee\/kontakt\/#breadcrumb"},"inLanguage":"en-US","potentialAction":[{"@type":"ReadAction","target":["https:\/\/2025.kivikoda.ee\/kontakt\/"]}]},{"@type":"BreadcrumbList","@id":"https:\/\/2025.kivikoda.ee\/kontakt\/#breadcrumb","itemListElement":[{"@type":"ListItem","position":1,"name":"Home","item":"https:\/\/2025.kivikoda.ee\/en\/"},{"@type":"ListItem","position":2,"name":"Contact"}]},{"@type":"WebSite","@id":"https:\/\/2025.kivikoda.ee\/#website","url":"https:\/\/2025.kivikoda.ee\/","name":"KIVIKODA O\u00dc","description":"Looduskivide m\u00fc\u00fck, t\u00f6\u00f6tlemine, paigaldus","potentialAction":[{"@type":"SearchAction","target":{"@type":"EntryPoint","urlTemplate":"https:\/\/2025.kivikoda.ee\/?s={search_term_string}"},"query-input":{"@type":"PropertyValueSpecification","valueRequired":true,"valueName":"search_term_string"}}],"inLanguage":"en-US"}]}},"coauthors":[],"author_meta":{"author_link":"https:\/\/2025.kivikoda.ee\/en\/author\/kivikodak\/","display_name":"kivikodak"},"relative_dates":{"created":"Posted 8 years ago","modified":"Updated 1 year ago"},"absolute_dates":{"created":"Posted on Wednesday, 4. July 2018","modified":"Updated on Tuesday, 29. October 2024"},"absolute_dates_time":{"created":"Posted on Wednesday, 4. July 2018 15:15","modified":"Updated on Tuesday, 29. October 2024 18:47"},"featured_img_caption":"","featured_img":false,"series_order":"","_links":{"self":[{"href":"https:\/\/2025.kivikoda.ee\/en\/wp-json\/wp\/v2\/pages\/1177","targetHints":{"allow":["GET"]}}],"collection":[{"href":"https:\/\/2025.kivikoda.ee\/en\/wp-json\/wp\/v2\/pages"}],"about":[{"href":"https:\/\/2025.kivikoda.ee\/en\/wp-json\/wp\/v2\/types\/page"}],"author":[{"embeddable":true,"href":"https:\/\/2025.kivikoda.ee\/en\/wp-json\/wp\/v2\/users\/3"}],"replies":[{"embeddable":true,"href":"https:\/\/2025.kivikoda.ee\/en\/wp-json\/wp\/v2\/comments?post=1177"}],"version-history":[{"count":8,"href":"https:\/\/2025.kivikoda.ee\/en\/wp-json\/wp\/v2\/pages\/1177\/revisions"}],"predecessor-version":[{"id":2085,"href":"https:\/\/2025.kivikoda.ee\/en\/wp-json\/wp\/v2\/pages\/1177\/revisions\/2085"}],"wp:attachment":[{"href":"https:\/\/2025.kivikoda.ee\/en\/wp-json\/wp\/v2\/media?parent=1177"}],"curies":[{"name":"wp","href":"https:\/\/api.w.org\/{rel}","templated":true}]}}