{"id":1164,"date":"2018-07-04T15:11:49","date_gmt":"2018-07-04T12:11:49","guid":{"rendered":"https:\/\/kivikoda.ee\/?page_id=1164"},"modified":"2018-07-04T15:11:49","modified_gmt":"2018-07-04T12:11:49","slug":"services","status":"publish","type":"page","link":"https:\/\/2025.kivikoda.ee\/en\/services\/","title":{"rendered":"Services"},"content":{"rendered":"<div id='stripped-1'  class='av-layout-grid-container av-av_layout_row-043c4f8b4d50344de3d69dbd0d79de8c entry-content-wrapper main_color av-fixed-cells  avia-builder-el-0  el_before_av_section  avia-builder-el-first   container_wrap sidebar_right'  >\n\n<style type=\"text\/css\" data-created_by=\"avia_inline_auto\" id=\"style-css-av-av_cell_one_fourth-ef9d2bdd4a856adcddca4293a8a234ff\">\n.flex_cell.av-av_cell_one_fourth-ef9d2bdd4a856adcddca4293a8a234ff{\nvertical-align:top;\n}\n<\/style>\n<div class='flex_cell av-av_cell_one_fourth-ef9d2bdd4a856adcddca4293a8a234ff av-gridrow-cell av_one_fourth no_margin  avia-builder-el-1  el_before_av_cell_one_fourth  avia-builder-el-first '  ><div class='flex_cell_inner'><\/div><\/div>\n<style type=\"text\/css\" data-created_by=\"avia_inline_auto\" id=\"style-css-av-av_cell_one_fourth-ef9d2bdd4a856adcddca4293a8a234ff\">\n.flex_cell.av-av_cell_one_fourth-ef9d2bdd4a856adcddca4293a8a234ff{\nvertical-align:top;\n}\n<\/style>\n<div class='flex_cell av-av_cell_one_fourth-ef9d2bdd4a856adcddca4293a8a234ff av-gridrow-cell av_one_fourth no_margin  avia-builder-el-2  el_after_av_cell_one_fourth  el_before_av_cell_one_fourth '  ><div class='flex_cell_inner'><\/div><\/div>\n<style type=\"text\/css\" data-created_by=\"avia_inline_auto\" id=\"style-css-av-av_cell_one_fourth-ef9d2bdd4a856adcddca4293a8a234ff\">\n.flex_cell.av-av_cell_one_fourth-ef9d2bdd4a856adcddca4293a8a234ff{\nvertical-align:top;\n}\n<\/style>\n<div class='flex_cell av-av_cell_one_fourth-ef9d2bdd4a856adcddca4293a8a234ff av-gridrow-cell av_one_fourth no_margin  avia-builder-el-3  el_after_av_cell_one_fourth  el_before_av_cell_one_fourth '  ><div class='flex_cell_inner'><\/div><\/div>\n<style type=\"text\/css\" data-created_by=\"avia_inline_auto\" id=\"style-css-av-av_cell_one_fourth-ef9d2bdd4a856adcddca4293a8a234ff\">\n.flex_cell.av-av_cell_one_fourth-ef9d2bdd4a856adcddca4293a8a234ff{\nvertical-align:top;\n}\n<\/style>\n<div class='flex_cell av-av_cell_one_fourth-ef9d2bdd4a856adcddca4293a8a234ff av-gridrow-cell av_one_fourth no_margin  avia-builder-el-4  el_after_av_cell_one_fourth  avia-builder-el-last '  ><div class='flex_cell_inner'><\/div><\/div>\n<\/div>\n<div id='row-1'  class='avia-section av-av_section-0fdaddd9ec9ac5a5844d1fed9ac1cd2a main_color avia-section-no-padding avia-no-border-styling  avia-builder-el-5  el_after_av_layout_row  el_before_av_layout_row  avia-bg-style-scroll container_wrap sidebar_right'  ><div class='container av-section-cont-open' ><div class='template-page content  av-content-small alpha units'><div class='post-entry post-entry-type-page post-entry-1164'><div class='entry-content-wrapper clearfix'>\n<div class='flex_column_table av-av_one_fifth-1c7e3c58ecc763aa08486dcc1db7593e sc-av_one_fifth av-equal-height-column-flextable'>\n<style type=\"text\/css\" data-created_by=\"avia_inline_auto\" id=\"style-css-av-av_one_fifth-1c7e3c58ecc763aa08486dcc1db7593e\">\n.flex_column.av-av_one_fifth-1c7e3c58ecc763aa08486dcc1db7593e{\nborder-radius:0px 0px 0px 0px;\npadding:0px 0px 0px 0px;\n}\n<\/style>\n<div  class='flex_column av-av_one_fifth-1c7e3c58ecc763aa08486dcc1db7593e av_one_fifth  avia-builder-el-6  el_before_av_three_fifth  avia-builder-el-first  first no_margin flex_column_table_cell av-equal-height-column av-align-top av-hide-on-mobile av-zero-column-padding  '     ><\/div>\n<style type=\"text\/css\" data-created_by=\"avia_inline_auto\" id=\"style-css-av-av_three_fifth-0aa7055fe62c3622faec82866afbaeb2\">\n.flex_column.av-av_three_fifth-0aa7055fe62c3622faec82866afbaeb2{\nborder-radius:0px 0px 0px 0px;\npadding:0px 0px 0px 0px;\n}\n<\/style>\n<div  class='flex_column av-av_three_fifth-0aa7055fe62c3622faec82866afbaeb2 av_three_fifth  avia-builder-el-7  el_after_av_one_fifth  el_before_av_one_fifth  no_margin flex_column_table_cell av-equal-height-column av-align-top av-zero-column-padding  '     ><style type=\"text\/css\" data-created_by=\"avia_inline_auto\" id=\"style-css-av-av_heading-11c0baa32b2e4a5d06c1b2dc8134cd85\">\n#top .av-special-heading.av-av_heading-11c0baa32b2e4a5d06c1b2dc8134cd85{\npadding-bottom:20px;\n}\nbody .av-special-heading.av-av_heading-11c0baa32b2e4a5d06c1b2dc8134cd85 .av-special-heading-tag .heading-char{\nfont-size:25px;\n}\n.av-special-heading.av-av_heading-11c0baa32b2e4a5d06c1b2dc8134cd85 .av-subheading{\nfont-size:20px;\n}\n<\/style>\n<div  class='av-special-heading av-av_heading-11c0baa32b2e4a5d06c1b2dc8134cd85 av-special-heading-h2 blockquote modern-quote modern-centered  avia-builder-el-8  avia-builder-el-no-sibling '><h2 class='av-special-heading-tag '  itemprop=\"headline\"  ><u>S<\/u>ervices<\/h2><div class='av-subheading av-subheading_below'><h3>from consultation to installation<\/h3>\n<\/div><div class=\"special-heading-border\"><div class=\"special-heading-inner-border\"><\/div><\/div><\/div><\/div>\n<style type=\"text\/css\" data-created_by=\"avia_inline_auto\" id=\"style-css-av-av_one_fifth-ab1f2df5405556a9c828bbf1aabf22bf\">\n.flex_column.av-av_one_fifth-ab1f2df5405556a9c828bbf1aabf22bf{\nborder-radius:0px 0px 0px 0px;\npadding:0px 0px 0px 0px;\n}\n<\/style>\n<div  class='flex_column av-av_one_fifth-ab1f2df5405556a9c828bbf1aabf22bf av_one_fifth  avia-builder-el-9  el_after_av_three_fifth  el_before_av_one_half  no_margin flex_column_table_cell av-equal-height-column av-align-top av-hide-on-mobile av-zero-column-padding  '     ><\/div><\/div><!--close column table wrapper. Autoclose: 1 --><div class='flex_column_table av-av_one_half-877c4261a69bab824e74b3b7967646c2 sc-av_one_half av-equal-height-column-flextable'>\n<style type=\"text\/css\" data-created_by=\"avia_inline_auto\" id=\"style-css-av-av_one_half-877c4261a69bab824e74b3b7967646c2\">\n.flex_column.av-av_one_half-877c4261a69bab824e74b3b7967646c2{\nborder-radius:0px 0px 0px 0px;\npadding:0px 0px 0px 0px;\n}\n<\/style>\n<div  class='flex_column av-av_one_half-877c4261a69bab824e74b3b7967646c2 av_one_half  avia-builder-el-10  el_after_av_one_fifth  el_before_av_one_half  first flex_column_table_cell av-equal-height-column av-align-top av-animated-generic bottom-to-top av-zero-column-padding  column-top-margin'     ><section  class='av_textblock_section av-av_textblock-35972167d9f102c5ddaec0c531c98b9e '   itemscope=\"itemscope\" itemtype=\"https:\/\/schema.org\/CreativeWork\" ><div class='avia_textblock'  itemprop=\"text\" ><p>KIVIKODA O\u00dc renders full service from consultation to installation to its clients &#8211; kitchen and bathroom studios, furniture producers, architectural bureaus and interior architects.<\/p>\n<p><strong>We perform all necessary measurements on the object, order materials, cut these into size, treat the surface and install. We find the most suitable solutions for classical as well as custom-made kitchens, bathrooms, foyers, sanitary rooms, terraces, grill sites, grill houses and elsewhere where unique, presentable, nice and user-friendly solution is needed.<\/strong><\/p>\n<p>Our plant manufactures big wall and floor tiles, covering the whole existing surface based on the project drawings, also inner stairs, external stairs, windowsills, fireplace tiles, kitchen worktops, kitchen and bathroom sinks, but also pillars, sculptures and big funeral monuments. We have long and thorough experience also in facade works: from cutting the facade tiles into size up to their installation.<\/p>\n<\/div><\/section><\/div><div class='av-flex-placeholder'><\/div>\n<style type=\"text\/css\" data-created_by=\"avia_inline_auto\" id=\"style-css-av-av_one_half-ee5d01009bd3dd101ca64e2b115d6482\">\n.flex_column.av-av_one_half-ee5d01009bd3dd101ca64e2b115d6482{\nborder-radius:0px 0px 0px 0px;\npadding:0px 0px 0px 0px;\n}\n<\/style>\n<div  class='flex_column av-av_one_half-ee5d01009bd3dd101ca64e2b115d6482 av_one_half  avia-builder-el-12  el_after_av_one_half  avia-builder-el-last  flex_column_table_cell av-equal-height-column av-align-top av-animated-generic bottom-to-top av-zero-column-padding  column-top-margin'     ><section  class='av_textblock_section av-av_textblock-35972167d9f102c5ddaec0c531c98b9e '   itemscope=\"itemscope\" itemtype=\"https:\/\/schema.org\/CreativeWork\" ><div class='avia_textblock'  itemprop=\"text\" ><p>Our production area on <strong>1000m\u00b2 <\/strong><strong>is equipped with modern machinery, specially ordered, arranged and adapted <\/strong><strong>pursuant to the requirements of our clients, which can perform more different operations than regular stone working machinery. We always keep pace with the production technologies of both machinery and raw materials and training of employees.<\/strong><\/p>\n<p>All samples are available and can be seen in the warehouse located in the vicinity of the city centre of Tallinn before final decision-making. The tiles of natural stone as well as engineered stone have been stored so that these could be comfortably examined in the well-lighted room.<\/p>\n<p><strong>We wish<\/strong><strong> to provide the world\u2019s best and up-to-date solutions at the Estonian stone market that make the most exclusive dreams of our clients come true. The long-term cooperation with the suppliers ensures the top quality of reasonable price.<\/strong><\/p>\n<\/div><\/section><\/div><\/div><!--close column table wrapper. Autoclose: 1 --><\/div><\/div><\/div><!-- close content main div --><\/div><\/div><div id='stripped-2'  class='av-layout-grid-container av-av_layout_row-cc7d223d61cdb9d460869a7fee26f509 entry-content-wrapper main_color av-fixed-cells  avia-builder-el-14  el_after_av_section  avia-builder-el-last  grid-row-not-first  container_wrap sidebar_right'  >\n\n<style type=\"text\/css\" data-created_by=\"avia_inline_auto\" id=\"style-css-av-av_cell_one_fourth-ef9d2bdd4a856adcddca4293a8a234ff\">\n.flex_cell.av-av_cell_one_fourth-ef9d2bdd4a856adcddca4293a8a234ff{\nvertical-align:top;\n}\n<\/style>\n<div class='flex_cell av-av_cell_one_fourth-ef9d2bdd4a856adcddca4293a8a234ff av-gridrow-cell av_one_fourth no_margin  avia-builder-el-15  el_before_av_cell_one_fourth  avia-builder-el-first '  ><div class='flex_cell_inner'><\/div><\/div>\n<style type=\"text\/css\" data-created_by=\"avia_inline_auto\" id=\"style-css-av-av_cell_one_fourth-ef9d2bdd4a856adcddca4293a8a234ff\">\n.flex_cell.av-av_cell_one_fourth-ef9d2bdd4a856adcddca4293a8a234ff{\nvertical-align:top;\n}\n<\/style>\n<div class='flex_cell av-av_cell_one_fourth-ef9d2bdd4a856adcddca4293a8a234ff av-gridrow-cell av_one_fourth no_margin  avia-builder-el-16  el_after_av_cell_one_fourth  el_before_av_cell_one_fourth '  ><div class='flex_cell_inner'><\/div><\/div>\n<style type=\"text\/css\" data-created_by=\"avia_inline_auto\" id=\"style-css-av-av_cell_one_fourth-ef9d2bdd4a856adcddca4293a8a234ff\">\n.flex_cell.av-av_cell_one_fourth-ef9d2bdd4a856adcddca4293a8a234ff{\nvertical-align:top;\n}\n<\/style>\n<div class='flex_cell av-av_cell_one_fourth-ef9d2bdd4a856adcddca4293a8a234ff av-gridrow-cell av_one_fourth no_margin  avia-builder-el-17  el_after_av_cell_one_fourth  el_before_av_cell_one_fourth '  ><div class='flex_cell_inner'><\/div><\/div>\n<style type=\"text\/css\" data-created_by=\"avia_inline_auto\" id=\"style-css-av-av_cell_one_fourth-ef9d2bdd4a856adcddca4293a8a234ff\">\n.flex_cell.av-av_cell_one_fourth-ef9d2bdd4a856adcddca4293a8a234ff{\nvertical-align:top;\n}\n<\/style>\n<div class='flex_cell av-av_cell_one_fourth-ef9d2bdd4a856adcddca4293a8a234ff av-gridrow-cell av_one_fourth no_margin  avia-builder-el-18  el_after_av_cell_one_fourth  avia-builder-el-last '  ><div class='flex_cell_inner'><\/div><\/div>\n<\/div><\/p>\n","protected":false},"excerpt":{"rendered":"","protected":false},"author":3,"featured_media":0,"parent":0,"menu_order":4,"comment_status":"closed","ping_status":"closed","template":"","meta":{"advgb_blocks_editor_width":"","advgb_blocks_columns_visual_guide":"","footnotes":""},"class_list":["post-1164","page","type-page","status-publish","hentry"],"yoast_head":"<!-- This site is optimized with the Yoast SEO plugin v25.9 - https:\/\/yoast.com\/wordpress\/plugins\/seo\/ -->\n<title>Services - KIVIKODA O\u00dc<\/title>\n<meta name=\"robots\" content=\"noindex, follow, max-snippet:-1, max-image-preview:large, max-video-preview:-1\" \/>\n<meta property=\"og:locale\" content=\"en_US\" \/>\n<meta property=\"og:type\" content=\"article\" \/>\n<meta property=\"og:title\" content=\"Services - KIVIKODA O\u00dc\" \/>\n<meta property=\"og:url\" content=\"https:\/\/2025.kivikoda.ee\/teenused\/\" \/>\n<meta property=\"og:site_name\" content=\"KIVIKODA O\u00dc\" \/>\n<meta name=\"twitter:card\" content=\"summary_large_image\" \/>\n<meta name=\"twitter:label1\" content=\"Est. reading time\" \/>\n\t<meta name=\"twitter:data1\" content=\"5 minutes\" \/>\n<script type=\"application\/ld+json\" class=\"yoast-schema-graph\">{\"@context\":\"https:\/\/schema.org\",\"@graph\":[{\"@type\":\"WebPage\",\"@id\":\"https:\/\/2025.kivikoda.ee\/teenused\/\",\"url\":\"https:\/\/2025.kivikoda.ee\/teenused\/\",\"name\":\"Services - KIVIKODA O\u00dc\",\"isPartOf\":{\"@id\":\"https:\/\/2025.kivikoda.ee\/#website\"},\"datePublished\":\"2018-07-04T12:11:49+00:00\",\"breadcrumb\":{\"@id\":\"https:\/\/2025.kivikoda.ee\/teenused\/#breadcrumb\"},\"inLanguage\":\"en-US\",\"potentialAction\":[{\"@type\":\"ReadAction\",\"target\":[\"https:\/\/2025.kivikoda.ee\/teenused\/\"]}]},{\"@type\":\"BreadcrumbList\",\"@id\":\"https:\/\/2025.kivikoda.ee\/teenused\/#breadcrumb\",\"itemListElement\":[{\"@type\":\"ListItem\",\"position\":1,\"name\":\"Home\",\"item\":\"https:\/\/2025.kivikoda.ee\/en\/\"},{\"@type\":\"ListItem\",\"position\":2,\"name\":\"Services\"}]},{\"@type\":\"WebSite\",\"@id\":\"https:\/\/2025.kivikoda.ee\/#website\",\"url\":\"https:\/\/2025.kivikoda.ee\/\",\"name\":\"KIVIKODA O\u00dc\",\"description\":\"Looduskivide m\u00fc\u00fck, t\u00f6\u00f6tlemine, paigaldus\",\"potentialAction\":[{\"@type\":\"SearchAction\",\"target\":{\"@type\":\"EntryPoint\",\"urlTemplate\":\"https:\/\/2025.kivikoda.ee\/?s={search_term_string}\"},\"query-input\":{\"@type\":\"PropertyValueSpecification\",\"valueRequired\":true,\"valueName\":\"search_term_string\"}}],\"inLanguage\":\"en-US\"}]}<\/script>\n<!-- \/ Yoast SEO plugin. -->","yoast_head_json":{"title":"Services - KIVIKODA O\u00dc","robots":{"index":"noindex","follow":"follow","max-snippet":"max-snippet:-1","max-image-preview":"max-image-preview:large","max-video-preview":"max-video-preview:-1"},"og_locale":"en_US","og_type":"article","og_title":"Services - KIVIKODA O\u00dc","og_url":"https:\/\/2025.kivikoda.ee\/teenused\/","og_site_name":"KIVIKODA O\u00dc","twitter_card":"summary_large_image","twitter_misc":{"Est. reading time":"5 minutes"},"schema":{"@context":"https:\/\/schema.org","@graph":[{"@type":"WebPage","@id":"https:\/\/2025.kivikoda.ee\/teenused\/","url":"https:\/\/2025.kivikoda.ee\/teenused\/","name":"Services - KIVIKODA O\u00dc","isPartOf":{"@id":"https:\/\/2025.kivikoda.ee\/#website"},"datePublished":"2018-07-04T12:11:49+00:00","breadcrumb":{"@id":"https:\/\/2025.kivikoda.ee\/teenused\/#breadcrumb"},"inLanguage":"en-US","potentialAction":[{"@type":"ReadAction","target":["https:\/\/2025.kivikoda.ee\/teenused\/"]}]},{"@type":"BreadcrumbList","@id":"https:\/\/2025.kivikoda.ee\/teenused\/#breadcrumb","itemListElement":[{"@type":"ListItem","position":1,"name":"Home","item":"https:\/\/2025.kivikoda.ee\/en\/"},{"@type":"ListItem","position":2,"name":"Services"}]},{"@type":"WebSite","@id":"https:\/\/2025.kivikoda.ee\/#website","url":"https:\/\/2025.kivikoda.ee\/","name":"KIVIKODA O\u00dc","description":"Looduskivide m\u00fc\u00fck, t\u00f6\u00f6tlemine, paigaldus","potentialAction":[{"@type":"SearchAction","target":{"@type":"EntryPoint","urlTemplate":"https:\/\/2025.kivikoda.ee\/?s={search_term_string}"},"query-input":{"@type":"PropertyValueSpecification","valueRequired":true,"valueName":"search_term_string"}}],"inLanguage":"en-US"}]}},"coauthors":[],"author_meta":{"author_link":"https:\/\/2025.kivikoda.ee\/en\/author\/kivikodak\/","display_name":"kivikodak"},"relative_dates":{"created":"Posted 8 years ago","modified":"Updated 8 years ago"},"absolute_dates":{"created":"Posted on Wednesday, 4. July 2018","modified":"Updated on Wednesday, 4. July 2018"},"absolute_dates_time":{"created":"Posted on Wednesday, 4. July 2018 15:11","modified":"Updated on Wednesday, 4. July 2018 15:11"},"featured_img_caption":"","featured_img":false,"series_order":"","_links":{"self":[{"href":"https:\/\/2025.kivikoda.ee\/en\/wp-json\/wp\/v2\/pages\/1164","targetHints":{"allow":["GET"]}}],"collection":[{"href":"https:\/\/2025.kivikoda.ee\/en\/wp-json\/wp\/v2\/pages"}],"about":[{"href":"https:\/\/2025.kivikoda.ee\/en\/wp-json\/wp\/v2\/types\/page"}],"author":[{"embeddable":true,"href":"https:\/\/2025.kivikoda.ee\/en\/wp-json\/wp\/v2\/users\/3"}],"replies":[{"embeddable":true,"href":"https:\/\/2025.kivikoda.ee\/en\/wp-json\/wp\/v2\/comments?post=1164"}],"version-history":[{"count":3,"href":"https:\/\/2025.kivikoda.ee\/en\/wp-json\/wp\/v2\/pages\/1164\/revisions"}],"predecessor-version":[{"id":1169,"href":"https:\/\/2025.kivikoda.ee\/en\/wp-json\/wp\/v2\/pages\/1164\/revisions\/1169"}],"wp:attachment":[{"href":"https:\/\/2025.kivikoda.ee\/en\/wp-json\/wp\/v2\/media?parent=1164"}],"curies":[{"name":"wp","href":"https:\/\/api.w.org\/{rel}","templated":true}]}}