{"id":1101,"date":"2018-07-04T15:02:23","date_gmt":"2018-07-04T12:02:23","guid":{"rendered":"https:\/\/kivikoda.ee\/?page_id=1101"},"modified":"2018-07-04T15:02:23","modified_gmt":"2018-07-04T12:02:23","slug":"dekton","status":"publish","type":"page","link":"https:\/\/2025.kivikoda.ee\/en\/engineered-stone\/dekton\/","title":{"rendered":"Dekton"},"content":{"rendered":"<div id='stripped-1'  class='av-layout-grid-container av-av_layout_row-043c4f8b4d50344de3d69dbd0d79de8c entry-content-wrapper main_color av-fixed-cells  avia-builder-el-0  el_before_av_section  avia-builder-el-first   container_wrap sidebar_right'  >\n\n<style type=\"text\/css\" data-created_by=\"avia_inline_auto\" id=\"style-css-av-av_cell_one_fourth-ef9d2bdd4a856adcddca4293a8a234ff\">\n.flex_cell.av-av_cell_one_fourth-ef9d2bdd4a856adcddca4293a8a234ff{\nvertical-align:top;\n}\n<\/style>\n<div class='flex_cell av-av_cell_one_fourth-ef9d2bdd4a856adcddca4293a8a234ff av-gridrow-cell av_one_fourth no_margin  avia-builder-el-1  el_before_av_cell_one_fourth  avia-builder-el-first '  ><div class='flex_cell_inner'><\/div><\/div>\n<style type=\"text\/css\" data-created_by=\"avia_inline_auto\" id=\"style-css-av-av_cell_one_fourth-ef9d2bdd4a856adcddca4293a8a234ff\">\n.flex_cell.av-av_cell_one_fourth-ef9d2bdd4a856adcddca4293a8a234ff{\nvertical-align:top;\n}\n<\/style>\n<div class='flex_cell av-av_cell_one_fourth-ef9d2bdd4a856adcddca4293a8a234ff av-gridrow-cell av_one_fourth no_margin  avia-builder-el-2  el_after_av_cell_one_fourth  el_before_av_cell_one_fourth '  ><div class='flex_cell_inner'><\/div><\/div>\n<style type=\"text\/css\" data-created_by=\"avia_inline_auto\" id=\"style-css-av-av_cell_one_fourth-ef9d2bdd4a856adcddca4293a8a234ff\">\n.flex_cell.av-av_cell_one_fourth-ef9d2bdd4a856adcddca4293a8a234ff{\nvertical-align:top;\n}\n<\/style>\n<div class='flex_cell av-av_cell_one_fourth-ef9d2bdd4a856adcddca4293a8a234ff av-gridrow-cell av_one_fourth no_margin  avia-builder-el-3  el_after_av_cell_one_fourth  el_before_av_cell_one_fourth '  ><div class='flex_cell_inner'><\/div><\/div>\n<style type=\"text\/css\" data-created_by=\"avia_inline_auto\" id=\"style-css-av-av_cell_one_fourth-ef9d2bdd4a856adcddca4293a8a234ff\">\n.flex_cell.av-av_cell_one_fourth-ef9d2bdd4a856adcddca4293a8a234ff{\nvertical-align:top;\n}\n<\/style>\n<div class='flex_cell av-av_cell_one_fourth-ef9d2bdd4a856adcddca4293a8a234ff av-gridrow-cell av_one_fourth no_margin  avia-builder-el-4  el_after_av_cell_one_fourth  avia-builder-el-last '  ><div class='flex_cell_inner'><\/div><\/div>\n<\/div>\n<div id='row-1'  class='avia-section av-av_section-0fdaddd9ec9ac5a5844d1fed9ac1cd2a main_color avia-section-no-padding avia-no-border-styling  avia-builder-el-5  el_after_av_layout_row  el_before_av_layout_row  avia-bg-style-scroll container_wrap sidebar_right'  ><div class='container av-section-cont-open' ><div class='template-page content  av-content-small alpha units'><div class='post-entry post-entry-type-page post-entry-1101'><div class='entry-content-wrapper clearfix'>\n<div class='flex_column_table av-av_one_fifth-f5c5f8f8fdc83a32ca9364acd626c610 sc-av_one_fifth av-equal-height-column-flextable'>\n<style type=\"text\/css\" data-created_by=\"avia_inline_auto\" id=\"style-css-av-av_one_fifth-f5c5f8f8fdc83a32ca9364acd626c610\">\n#top .flex_column_table.av-equal-height-column-flextable.av-av_one_fifth-f5c5f8f8fdc83a32ca9364acd626c610{\nmargin-top:-50px;\nmargin-bottom:0px;\n}\n.flex_column.av-av_one_fifth-f5c5f8f8fdc83a32ca9364acd626c610{\nborder-radius:0px 0px 0px 0px;\npadding:0px 0px 0px 0px;\n}\n<\/style>\n<div  class='flex_column av-av_one_fifth-f5c5f8f8fdc83a32ca9364acd626c610 av_one_fifth  avia-builder-el-6  el_before_av_three_fifth  avia-builder-el-first  first no_margin flex_column_table_cell av-equal-height-column av-align-top av-hide-on-mobile av-zero-column-padding  '     ><\/div>\n<style type=\"text\/css\" data-created_by=\"avia_inline_auto\" id=\"style-css-av-av_three_fifth-0aa7055fe62c3622faec82866afbaeb2\">\n#top .flex_column_table.av-equal-height-column-flextable.av-av_three_fifth-0aa7055fe62c3622faec82866afbaeb2{\nmargin-top:-50px;\nmargin-bottom:0px;\n}\n.flex_column.av-av_three_fifth-0aa7055fe62c3622faec82866afbaeb2{\nborder-radius:0px 0px 0px 0px;\npadding:0px 0px 0px 0px;\n}\n<\/style>\n<div  class='flex_column av-av_three_fifth-0aa7055fe62c3622faec82866afbaeb2 av_three_fifth  avia-builder-el-7  el_after_av_one_fifth  el_before_av_one_fifth  no_margin flex_column_table_cell av-equal-height-column av-align-top av-zero-column-padding  '     ><p>\n<style type=\"text\/css\" data-created_by=\"avia_inline_auto\" id=\"style-css-av-av_image-25a686f846697cf1684e4fbbe7e76675\">\n.avia-image-container.av-av_image-25a686f846697cf1684e4fbbe7e76675 img.avia_image{\nbox-shadow:none;\n}\n.avia-image-container.av-av_image-25a686f846697cf1684e4fbbe7e76675 .av-image-caption-overlay-center{\ncolor:#ffffff;\n}\n<\/style>\n<div  class='avia-image-container av-av_image-25a686f846697cf1684e4fbbe7e76675 av-styling- avia-align-center  avia-builder-el-8  el_before_av_heading  avia-builder-el-first '   itemprop=\"image\" itemscope=\"itemscope\" itemtype=\"https:\/\/schema.org\/ImageObject\" ><div class=\"avia-image-container-inner\"><div class=\"avia-image-overlay-wrap\"><img decoding=\"async\" fetchpriority=\"high\" class='wp-image-1097 avia-img-lazy-loading-not-1097 avia_image ' src=\"https:\/\/2025.kivikoda.ee\/wp-content\/uploads\/dekton-hosrisontaalne-w400-400x133.png\" alt='' title='dekton-hosrisontaalne-w400'  height=\"133\" width=\"400\"  itemprop=\"thumbnailUrl\"  \/><\/div><\/div><\/div><br \/>\n\n<style type=\"text\/css\" data-created_by=\"avia_inline_auto\" id=\"style-css-av-av_heading-c507b0dfbab9d95145c2a2074b0872ec\">\n#top .av-special-heading.av-av_heading-c507b0dfbab9d95145c2a2074b0872ec{\npadding-bottom:20px;\n}\nbody .av-special-heading.av-av_heading-c507b0dfbab9d95145c2a2074b0872ec .av-special-heading-tag .heading-char{\nfont-size:25px;\n}\n.av-special-heading.av-av_heading-c507b0dfbab9d95145c2a2074b0872ec .av-subheading{\nfont-size:20px;\n}\n<\/style>\n<div  class='av-special-heading av-av_heading-c507b0dfbab9d95145c2a2074b0872ec av-special-heading-h2 blockquote modern-quote modern-centered  avia-builder-el-9  el_after_av_image  avia-builder-el-last '><h2 class='av-special-heading-tag '  itemprop=\"headline\"  ><u>D<\/u>ekton<\/h2><div class='av-subheading av-subheading_below'><h3>is a unique and innovative surfacing material indoors and outdoors<\/h3>\n<\/div><div class=\"special-heading-border\"><div class=\"special-heading-inner-border\"><\/div><\/div><\/div><\/p><\/div>\n<style type=\"text\/css\" data-created_by=\"avia_inline_auto\" id=\"style-css-av-av_one_fifth-ab1f2df5405556a9c828bbf1aabf22bf\">\n#top .flex_column_table.av-equal-height-column-flextable.av-av_one_fifth-ab1f2df5405556a9c828bbf1aabf22bf{\nmargin-top:-50px;\nmargin-bottom:0px;\n}\n.flex_column.av-av_one_fifth-ab1f2df5405556a9c828bbf1aabf22bf{\nborder-radius:0px 0px 0px 0px;\npadding:0px 0px 0px 0px;\n}\n<\/style>\n<div  class='flex_column av-av_one_fifth-ab1f2df5405556a9c828bbf1aabf22bf av_one_fifth  avia-builder-el-10  el_after_av_three_fifth  el_before_av_one_half  no_margin flex_column_table_cell av-equal-height-column av-align-top av-hide-on-mobile av-zero-column-padding  '     ><\/div><\/div><!--close column table wrapper. Autoclose: 1 --><div class='flex_column_table av-av_one_half-877c4261a69bab824e74b3b7967646c2 sc-av_one_half av-equal-height-column-flextable'>\n<style type=\"text\/css\" data-created_by=\"avia_inline_auto\" id=\"style-css-av-av_one_half-877c4261a69bab824e74b3b7967646c2\">\n.flex_column.av-av_one_half-877c4261a69bab824e74b3b7967646c2{\nborder-radius:0px 0px 0px 0px;\npadding:0px 0px 0px 0px;\n}\n<\/style>\n<div  class='flex_column av-av_one_half-877c4261a69bab824e74b3b7967646c2 av_one_half  avia-builder-el-11  el_after_av_one_fifth  el_before_av_one_half  first flex_column_table_cell av-equal-height-column av-align-top av-animated-generic bottom-to-top av-zero-column-padding  column-top-margin'     ><section  class='av_textblock_section av-av_textblock-35972167d9f102c5ddaec0c531c98b9e '   itemscope=\"itemscope\" itemtype=\"https:\/\/schema.org\/CreativeWork\" ><div class='avia_textblock'  itemprop=\"text\" ><p>The surfacing material DEKTON, unique and innovative in the global context, consists of 100% natural components, by incorporating the best properties of natural materials with the benefits of artificial materials. This innovative ceramic-type material is nature-friendly and easy to combine with other materials.<\/p>\n<p>Similarly to Silestone, the advantages of Dekton are the wide range of colours, uniform colour and structure. Thereby Dekton is harder, thicker and higher-quality material than Silestone and as a result it is practically maintenance-free.<\/p>\n<p>The manufacturer gives a <strong>10-year guarantee<\/strong> to Dekton furnishings.<\/p>\n<\/div><\/section><\/div><div class='av-flex-placeholder'><\/div>\n<style type=\"text\/css\" data-created_by=\"avia_inline_auto\" id=\"style-css-av-av_one_half-ee5d01009bd3dd101ca64e2b115d6482\">\n.flex_column.av-av_one_half-ee5d01009bd3dd101ca64e2b115d6482{\nborder-radius:0px 0px 0px 0px;\npadding:0px 0px 0px 0px;\n}\n<\/style>\n<div  class='flex_column av-av_one_half-ee5d01009bd3dd101ca64e2b115d6482 av_one_half  avia-builder-el-13  el_after_av_one_half  el_before_av_one_fifth  flex_column_table_cell av-equal-height-column av-align-top av-animated-generic bottom-to-top av-zero-column-padding  column-top-margin'     ><section  class='av_textblock_section av-av_textblock-35972167d9f102c5ddaec0c531c98b9e '   itemscope=\"itemscope\" itemtype=\"https:\/\/schema.org\/CreativeWork\" ><div class='avia_textblock'  itemprop=\"text\" ><p>The thickness of the tile is one striking peculiarity of Dekton. The regular ceramic tile is 10 mm thick, Dekton tiles can be ordered within 8-30 mm.<\/p>\n<blockquote>\n<p>Dekton is the best choice for modern kitchen, as it is fire resistant and does not get dirty.<\/p>\n<\/blockquote>\n<p>In the office of KIVIKODA O\u00dc\u00a0you can see the range of Dekton tiles in 40 different tones and 3 various thicknesses. The product range is constantly increasing.<\/p>\n<\/div><\/section><\/div><\/div><!--close column table wrapper. Autoclose: 1 -->\n<style type=\"text\/css\" data-created_by=\"avia_inline_auto\" id=\"style-css-av-av_one_fifth-b455473ce8f55ab1637fa553632ca58d\">\n.flex_column.av-av_one_fifth-b455473ce8f55ab1637fa553632ca58d{\nborder-radius:0px 0px 0px 0px;\npadding:0px 0px 0px 0px;\n}\n<\/style>\n<div  class='flex_column av-av_one_fifth-b455473ce8f55ab1637fa553632ca58d av_one_fifth  avia-builder-el-15  el_after_av_one_half  el_before_av_three_fifth  first flex_column_div av-hide-on-mobile av-zero-column-padding  column-top-margin'     ><\/div>\n<style type=\"text\/css\" data-created_by=\"avia_inline_auto\" id=\"style-css-av-av_three_fifth-2fa072da771f37d81465f365327ca0ad\">\n.flex_column.av-av_three_fifth-2fa072da771f37d81465f365327ca0ad{\nborder-radius:0px 0px 0px 0px;\npadding:0px 0px 0px 0px;\n}\n<\/style>\n<div  class='flex_column av-av_three_fifth-2fa072da771f37d81465f365327ca0ad av_three_fifth  avia-builder-el-16  el_after_av_one_fifth  el_before_av_one_fifth  flex_column_div av-animated-generic bottom-to-top av-zero-column-padding  column-top-margin'     ><style type=\"text\/css\" data-created_by=\"avia_inline_auto\" id=\"style-css-av-av_heading-0f2a9d11aeac8f22a55c484b8ce3bdd0\">\n#top .av-special-heading.av-av_heading-0f2a9d11aeac8f22a55c484b8ce3bdd0{\npadding-bottom:20px;\n}\nbody .av-special-heading.av-av_heading-0f2a9d11aeac8f22a55c484b8ce3bdd0 .av-special-heading-tag .heading-char{\nfont-size:25px;\n}\n.av-special-heading.av-av_heading-0f2a9d11aeac8f22a55c484b8ce3bdd0 .av-subheading{\nfont-size:20px;\n}\n<\/style>\n<div  class='av-special-heading av-av_heading-0f2a9d11aeac8f22a55c484b8ce3bdd0 av-special-heading-h2 blockquote modern-quote modern-centered  avia-builder-el-17  avia-builder-el-no-sibling '><h2 class='av-special-heading-tag '  itemprop=\"headline\"  ><u>M<\/u>aterials<\/h2><div class='av-subheading av-subheading_below'><h3 style=\"text-align: center;\"><a href=\"https:\/\/www.dekton.co.uk\/colours\/\" target=\"_blank\" rel=\"noopener\"><strong>www.dekton.co.uk\/colours\/<\/strong><\/a><br \/>\n<a href=\"http:\/\/www.dekton.com\/ru\" target=\"_blank\" rel=\"noopener\"><strong>www.dekton.com\/ru<\/strong><\/a><\/h3>\n<\/div><div class=\"special-heading-border\"><div class=\"special-heading-inner-border\"><\/div><\/div><\/div><\/div>\n<style type=\"text\/css\" data-created_by=\"avia_inline_auto\" id=\"style-css-av-av_one_fifth-ab1f2df5405556a9c828bbf1aabf22bf\">\n.flex_column.av-av_one_fifth-ab1f2df5405556a9c828bbf1aabf22bf{\nborder-radius:0px 0px 0px 0px;\npadding:0px 0px 0px 0px;\n}\n<\/style>\n<div  class='flex_column av-av_one_fifth-ab1f2df5405556a9c828bbf1aabf22bf av_one_fifth  avia-builder-el-18  el_after_av_three_fifth  el_before_av_notification  flex_column_div av-hide-on-mobile av-zero-column-padding  column-top-margin'     ><\/div><div id='avia-messagebox-' class='avia_message_box av_notification av-av_notification-54469cbde6201c0dc875c9ab35d090b5 avia-color-silver avia-size-large avia-icon_select-yes avia-border-dashed  avia-builder-el-19  el_after_av_one_fifth  avia-builder-el-last ' ><div class=\"avia_message_box_content\"><span class='avia_message_box_icon' aria-hidden='true' data-av_icon='\ue864' data-av_iconfont='entypo-fontello'><\/span><p>In 2016 one member of Dekton\u2019s materials &#8211; Dekton XGloss &#8211; got the international Red Dot Design Award.<\/p>\n<\/div><\/div>\n<\/div><\/div><\/div><!-- close content main div --><\/div><\/div><div id='stripped-1'  class='av-layout-grid-container av-av_layout_row-043c4f8b4d50344de3d69dbd0d79de8c entry-content-wrapper main_color av-fixed-cells  avia-builder-el-20  el_after_av_section  avia-builder-el-last  grid-row-not-first  container_wrap sidebar_right'  >\n\n<style type=\"text\/css\" data-created_by=\"avia_inline_auto\" id=\"style-css-av-av_cell_one_fourth-ef9d2bdd4a856adcddca4293a8a234ff\">\n.flex_cell.av-av_cell_one_fourth-ef9d2bdd4a856adcddca4293a8a234ff{\nvertical-align:top;\n}\n<\/style>\n<div class='flex_cell av-av_cell_one_fourth-ef9d2bdd4a856adcddca4293a8a234ff av-gridrow-cell av_one_fourth no_margin  avia-builder-el-21  el_before_av_cell_one_fourth  avia-builder-el-first '  ><div class='flex_cell_inner'><\/div><\/div>\n<style type=\"text\/css\" data-created_by=\"avia_inline_auto\" id=\"style-css-av-av_cell_one_fourth-ef9d2bdd4a856adcddca4293a8a234ff\">\n.flex_cell.av-av_cell_one_fourth-ef9d2bdd4a856adcddca4293a8a234ff{\nvertical-align:top;\n}\n<\/style>\n<div class='flex_cell av-av_cell_one_fourth-ef9d2bdd4a856adcddca4293a8a234ff av-gridrow-cell av_one_fourth no_margin  avia-builder-el-22  el_after_av_cell_one_fourth  el_before_av_cell_one_fourth '  ><div class='flex_cell_inner'><\/div><\/div>\n<style type=\"text\/css\" data-created_by=\"avia_inline_auto\" id=\"style-css-av-av_cell_one_fourth-ef9d2bdd4a856adcddca4293a8a234ff\">\n.flex_cell.av-av_cell_one_fourth-ef9d2bdd4a856adcddca4293a8a234ff{\nvertical-align:top;\n}\n<\/style>\n<div class='flex_cell av-av_cell_one_fourth-ef9d2bdd4a856adcddca4293a8a234ff av-gridrow-cell av_one_fourth no_margin  avia-builder-el-23  el_after_av_cell_one_fourth  el_before_av_cell_one_fourth '  ><div class='flex_cell_inner'><\/div><\/div>\n<style type=\"text\/css\" data-created_by=\"avia_inline_auto\" id=\"style-css-av-av_cell_one_fourth-ef9d2bdd4a856adcddca4293a8a234ff\">\n.flex_cell.av-av_cell_one_fourth-ef9d2bdd4a856adcddca4293a8a234ff{\nvertical-align:top;\n}\n<\/style>\n<div class='flex_cell av-av_cell_one_fourth-ef9d2bdd4a856adcddca4293a8a234ff av-gridrow-cell av_one_fourth no_margin  avia-builder-el-24  el_after_av_cell_one_fourth  avia-builder-el-last '  ><div class='flex_cell_inner'><\/div><\/div>\n<\/div><\/p>\n","protected":false},"excerpt":{"rendered":"","protected":false},"author":3,"featured_media":0,"parent":1186,"menu_order":1,"comment_status":"closed","ping_status":"closed","template":"","meta":{"advgb_blocks_editor_width":"","advgb_blocks_columns_visual_guide":"","footnotes":""},"class_list":["post-1101","page","type-page","status-publish","hentry"],"yoast_head":"<!-- This site is optimized with the Yoast SEO plugin v25.9 - https:\/\/yoast.com\/wordpress\/plugins\/seo\/ -->\n<title>Dekton - KIVIKODA O\u00dc<\/title>\n<meta name=\"robots\" content=\"noindex, follow, max-snippet:-1, max-image-preview:large, max-video-preview:-1\" \/>\n<meta property=\"og:locale\" content=\"en_US\" \/>\n<meta property=\"og:type\" content=\"article\" \/>\n<meta property=\"og:title\" content=\"Dekton - KIVIKODA O\u00dc\" \/>\n<meta property=\"og:url\" content=\"https:\/\/2025.kivikoda.ee\/presskivi\/dekton\/\" \/>\n<meta property=\"og:site_name\" content=\"KIVIKODA O\u00dc\" \/>\n<meta name=\"twitter:card\" content=\"summary_large_image\" \/>\n<meta name=\"twitter:label1\" content=\"Est. reading time\" \/>\n\t<meta name=\"twitter:data1\" content=\"6 minutes\" \/>\n<script type=\"application\/ld+json\" class=\"yoast-schema-graph\">{\"@context\":\"https:\/\/schema.org\",\"@graph\":[{\"@type\":\"WebPage\",\"@id\":\"https:\/\/2025.kivikoda.ee\/presskivi\/dekton\/\",\"url\":\"https:\/\/2025.kivikoda.ee\/presskivi\/dekton\/\",\"name\":\"Dekton - KIVIKODA O\u00dc\",\"isPartOf\":{\"@id\":\"https:\/\/2025.kivikoda.ee\/#website\"},\"datePublished\":\"2018-07-04T12:02:23+00:00\",\"breadcrumb\":{\"@id\":\"https:\/\/2025.kivikoda.ee\/presskivi\/dekton\/#breadcrumb\"},\"inLanguage\":\"en-US\",\"potentialAction\":[{\"@type\":\"ReadAction\",\"target\":[\"https:\/\/2025.kivikoda.ee\/presskivi\/dekton\/\"]}]},{\"@type\":\"BreadcrumbList\",\"@id\":\"https:\/\/2025.kivikoda.ee\/presskivi\/dekton\/#breadcrumb\",\"itemListElement\":[{\"@type\":\"ListItem\",\"position\":1,\"name\":\"Home\",\"item\":\"https:\/\/2025.kivikoda.ee\/en\/\"},{\"@type\":\"ListItem\",\"position\":2,\"name\":\"Engineered stone\",\"item\":\"https:\/\/2025.kivikoda.ee\/presskivi\/\"},{\"@type\":\"ListItem\",\"position\":3,\"name\":\"Dekton\"}]},{\"@type\":\"WebSite\",\"@id\":\"https:\/\/2025.kivikoda.ee\/#website\",\"url\":\"https:\/\/2025.kivikoda.ee\/\",\"name\":\"KIVIKODA O\u00dc\",\"description\":\"Looduskivide m\u00fc\u00fck, t\u00f6\u00f6tlemine, paigaldus\",\"potentialAction\":[{\"@type\":\"SearchAction\",\"target\":{\"@type\":\"EntryPoint\",\"urlTemplate\":\"https:\/\/2025.kivikoda.ee\/?s={search_term_string}\"},\"query-input\":{\"@type\":\"PropertyValueSpecification\",\"valueRequired\":true,\"valueName\":\"search_term_string\"}}],\"inLanguage\":\"en-US\"}]}<\/script>\n<!-- \/ Yoast SEO plugin. -->","yoast_head_json":{"title":"Dekton - KIVIKODA O\u00dc","robots":{"index":"noindex","follow":"follow","max-snippet":"max-snippet:-1","max-image-preview":"max-image-preview:large","max-video-preview":"max-video-preview:-1"},"og_locale":"en_US","og_type":"article","og_title":"Dekton - KIVIKODA O\u00dc","og_url":"https:\/\/2025.kivikoda.ee\/presskivi\/dekton\/","og_site_name":"KIVIKODA O\u00dc","twitter_card":"summary_large_image","twitter_misc":{"Est. reading time":"6 minutes"},"schema":{"@context":"https:\/\/schema.org","@graph":[{"@type":"WebPage","@id":"https:\/\/2025.kivikoda.ee\/presskivi\/dekton\/","url":"https:\/\/2025.kivikoda.ee\/presskivi\/dekton\/","name":"Dekton - KIVIKODA O\u00dc","isPartOf":{"@id":"https:\/\/2025.kivikoda.ee\/#website"},"datePublished":"2018-07-04T12:02:23+00:00","breadcrumb":{"@id":"https:\/\/2025.kivikoda.ee\/presskivi\/dekton\/#breadcrumb"},"inLanguage":"en-US","potentialAction":[{"@type":"ReadAction","target":["https:\/\/2025.kivikoda.ee\/presskivi\/dekton\/"]}]},{"@type":"BreadcrumbList","@id":"https:\/\/2025.kivikoda.ee\/presskivi\/dekton\/#breadcrumb","itemListElement":[{"@type":"ListItem","position":1,"name":"Home","item":"https:\/\/2025.kivikoda.ee\/en\/"},{"@type":"ListItem","position":2,"name":"Engineered stone","item":"https:\/\/2025.kivikoda.ee\/presskivi\/"},{"@type":"ListItem","position":3,"name":"Dekton"}]},{"@type":"WebSite","@id":"https:\/\/2025.kivikoda.ee\/#website","url":"https:\/\/2025.kivikoda.ee\/","name":"KIVIKODA O\u00dc","description":"Looduskivide m\u00fc\u00fck, t\u00f6\u00f6tlemine, paigaldus","potentialAction":[{"@type":"SearchAction","target":{"@type":"EntryPoint","urlTemplate":"https:\/\/2025.kivikoda.ee\/?s={search_term_string}"},"query-input":{"@type":"PropertyValueSpecification","valueRequired":true,"valueName":"search_term_string"}}],"inLanguage":"en-US"}]}},"coauthors":[],"author_meta":{"author_link":"https:\/\/2025.kivikoda.ee\/en\/author\/kivikodak\/","display_name":"kivikodak"},"relative_dates":{"created":"Posted 8 years ago","modified":"Updated 8 years ago"},"absolute_dates":{"created":"Posted on Wednesday, 4. July 2018","modified":"Updated on Wednesday, 4. July 2018"},"absolute_dates_time":{"created":"Posted on Wednesday, 4. July 2018 15:02","modified":"Updated on Wednesday, 4. July 2018 15:02"},"featured_img_caption":"","featured_img":false,"series_order":"","_links":{"self":[{"href":"https:\/\/2025.kivikoda.ee\/en\/wp-json\/wp\/v2\/pages\/1101","targetHints":{"allow":["GET"]}}],"collection":[{"href":"https:\/\/2025.kivikoda.ee\/en\/wp-json\/wp\/v2\/pages"}],"about":[{"href":"https:\/\/2025.kivikoda.ee\/en\/wp-json\/wp\/v2\/types\/page"}],"author":[{"embeddable":true,"href":"https:\/\/2025.kivikoda.ee\/en\/wp-json\/wp\/v2\/users\/3"}],"replies":[{"embeddable":true,"href":"https:\/\/2025.kivikoda.ee\/en\/wp-json\/wp\/v2\/comments?post=1101"}],"version-history":[{"count":3,"href":"https:\/\/2025.kivikoda.ee\/en\/wp-json\/wp\/v2\/pages\/1101\/revisions"}],"predecessor-version":[{"id":1106,"href":"https:\/\/2025.kivikoda.ee\/en\/wp-json\/wp\/v2\/pages\/1101\/revisions\/1106"}],"up":[{"embeddable":true,"href":"https:\/\/2025.kivikoda.ee\/en\/wp-json\/wp\/v2\/pages\/1186"}],"wp:attachment":[{"href":"https:\/\/2025.kivikoda.ee\/en\/wp-json\/wp\/v2\/media?parent=1101"}],"curies":[{"name":"wp","href":"https:\/\/api.w.org\/{rel}","templated":true}]}}